{"id":755,"date":"2026-03-16T03:37:12","date_gmt":"2026-03-16T03:37:12","guid":{"rendered":"https:\/\/noirstudios.id.vn\/?post_type=product&#038;p=755"},"modified":"2026-03-16T03:37:12","modified_gmt":"2026-03-16T03:37:12","slug":"pura-vida-totebag","status":"publish","type":"product","link":"https:\/\/noirstudios.id.vn\/en\/product\/pura-vida-totebag\/","title":{"rendered":"Pura-Vida Tote Bag"},"content":{"rendered":"<p class=\"isSelectedEnd\"><strong>T\u00fai Pura-Vida Totebag Noir<\/strong><\/p>\n<p class=\"isSelectedEnd\">Thi\u1ebft k\u1ebf t\u1ed1i gi\u1ea3n, ch\u1ea5t li\u1ec7u canvas b\u1ec1n ch\u1eafc, ph\u00f9 h\u1ee3p cho s\u1eed d\u1ee5ng h\u1eb1ng ng\u00e0y nh\u01b0 \u0111i h\u1ecdc, \u0111i l\u00e0m ho\u1eb7c d\u1ea1o ph\u1ed1. T\u00fai c\u00f3 kh\u00f4ng gian r\u1ed9ng r\u00e3i, d\u1ec5 d\u00e0ng mang theo nhi\u1ec1u v\u1eadt d\u1ee5ng c\u00e1 nh\u00e2n.<\/p>\n<p class=\"isSelectedEnd\"><strong>K\u00edch th\u01b0\u1edbc:<\/strong><\/p>\n<ul data-spread=\"false\">\n<li>\n<p class=\"isSelectedEnd\">Chi\u1ec1u cao t\u00fai: 29 cm<\/p>\n<\/li>\n<li>\n<p class=\"isSelectedEnd\">Chi\u1ec1u ngang \u0111\u00e1y t\u00fai: 38 cm<\/p>\n<\/li>\n<li>Chi\u1ec1u r\u1ed9ng \u0111\u00e1y t\u00fai: 16 cm<\/li>\n<\/ul>","protected":false},"excerpt":{"rendered":"<p>T\u00fai Pura-Vida Totebag Noir Thi\u1ebft k\u1ebf t\u1ed1i gi\u1ea3n, ch\u1ea5t li\u1ec7u canvas b\u1ec1n ch\u1eafc, ph\u00f9 h\u1ee3p cho s\u1eed d\u1ee5ng h\u1eb1ng ng\u00e0y nh\u01b0 \u0111i h\u1ecdc, \u0111i l\u00e0m ho\u1eb7c d\u1ea1o ph\u1ed1. T\u00fai c\u00f3 kh\u00f4ng gian r\u1ed9ng r\u00e3i, d\u1ec5 d\u00e0ng mang theo nhi\u1ec1u v\u1eadt d\u1ee5ng c\u00e1 nh\u00e2n. K\u00edch th\u01b0\u1edbc: Chi\u1ec1u cao t\u00fai: 29 cm Chi\u1ec1u ngang \u0111\u00e1y t\u00fai: 38 [&#8230;]\n","protected":false},"featured_media":0,"comment_status":"open","ping_status":"closed","template":"","meta":[],"product_brand":[],"product_cat":[125,48],"product_tag":[],"class_list":{"0":"post-755","1":"product","2":"type-product","3":"status-publish","5":"product_cat-bag","6":"product_cat-bagsaccessories","8":"first","9":"instock","10":"shipping-taxable","11":"purchasable","12":"product-type-variable","13":"add-to-wishlist-before_image"},"yoast_head":"<!-- This site is optimized with the Yoast SEO plugin v27.3 - https:\/\/yoast.com\/product\/yoast-seo-wordpress\/ -->\n<title>Pura-Vida Totebag - Noir Studios<\/title>\n<meta name=\"robots\" content=\"noindex, follow, max-snippet:-1, max-image-preview:large, max-video-preview:-1\" \/>\n<meta property=\"og:locale\" content=\"en_US\" \/>\n<meta property=\"og:type\" content=\"article\" \/>\n<meta property=\"og:title\" content=\"Pura-Vida Totebag - Noir Studios\" \/>\n<meta property=\"og:description\" content=\"T\u00fai Pura-Vida Totebag Noir Thi\u1ebft k\u1ebf t\u1ed1i gi\u1ea3n, ch\u1ea5t li\u1ec7u canvas b\u1ec1n ch\u1eafc, ph\u00f9 h\u1ee3p cho s\u1eed d\u1ee5ng h\u1eb1ng ng\u00e0y nh\u01b0 \u0111i h\u1ecdc, \u0111i l\u00e0m ho\u1eb7c d\u1ea1o ph\u1ed1. T\u00fai c\u00f3 kh\u00f4ng gian r\u1ed9ng r\u00e3i, d\u1ec5 d\u00e0ng mang theo nhi\u1ec1u v\u1eadt d\u1ee5ng c\u00e1 nh\u00e2n. K\u00edch th\u01b0\u1edbc: Chi\u1ec1u cao t\u00fai: 29 cm Chi\u1ec1u ngang \u0111\u00e1y t\u00fai: 38 [...]\" \/>\n<meta property=\"og:url\" content=\"https:\/\/noirstudios.id.vn\/en\/product\/pura-vida-totebag\/\" \/>\n<meta property=\"og:site_name\" content=\"Noir Studios\" \/>\n<meta property=\"og:image\" content=\"https:\/\/noirstudios.id.vn\/wp-content\/uploads\/2026\/03\/488689093_1261263272665949_8064376363051853690_n.jpg\" \/>\n\t<meta property=\"og:image:width\" content=\"1440\" \/>\n\t<meta property=\"og:image:height\" content=\"1440\" \/>\n\t<meta property=\"og:image:type\" content=\"image\/jpeg\" \/>\n<meta name=\"twitter:card\" content=\"summary_large_image\" \/>\n<script type=\"application\/ld+json\" class=\"yoast-schema-graph\">{\"@context\":\"https:\\\/\\\/schema.org\",\"@graph\":[{\"@type\":\"WebPage\",\"@id\":\"https:\\\/\\\/noirstudios.id.vn\\\/san-pham\\\/pura-vida-totebag\\\/\",\"url\":\"https:\\\/\\\/noirstudios.id.vn\\\/san-pham\\\/pura-vida-totebag\\\/\",\"name\":\"Pura-Vida Totebag - Noir Studios\",\"isPartOf\":{\"@id\":\"https:\\\/\\\/noirstudios.id.vn\\\/#website\"},\"datePublished\":\"2026-03-16T03:37:12+00:00\",\"breadcrumb\":{\"@id\":\"https:\\\/\\\/noirstudios.id.vn\\\/san-pham\\\/pura-vida-totebag\\\/#breadcrumb\"},\"inLanguage\":\"en-US\",\"potentialAction\":[{\"@type\":\"ReadAction\",\"target\":[\"https:\\\/\\\/noirstudios.id.vn\\\/san-pham\\\/pura-vida-totebag\\\/\"]}]},{\"@type\":\"BreadcrumbList\",\"@id\":\"https:\\\/\\\/noirstudios.id.vn\\\/san-pham\\\/pura-vida-totebag\\\/#breadcrumb\",\"itemListElement\":[{\"@type\":\"ListItem\",\"position\":1,\"name\":\"Trang ch\u1ee7\",\"item\":\"https:\\\/\\\/noirstudios.id.vn\\\/\"},{\"@type\":\"ListItem\",\"position\":2,\"name\":\"S\u1ea3n ph\u1ea9m\",\"item\":\"https:\\\/\\\/noirstudios.id.vn\\\/shop\\\/\"},{\"@type\":\"ListItem\",\"position\":3,\"name\":\"Pura-Vida Totebag\"}]},{\"@type\":\"WebSite\",\"@id\":\"https:\\\/\\\/noirstudios.id.vn\\\/#website\",\"url\":\"https:\\\/\\\/noirstudios.id.vn\\\/\",\"name\":\"Noir Studios\",\"description\":\"\",\"potentialAction\":[{\"@type\":\"SearchAction\",\"target\":{\"@type\":\"EntryPoint\",\"urlTemplate\":\"https:\\\/\\\/noirstudios.id.vn\\\/?s={search_term_string}\"},\"query-input\":{\"@type\":\"PropertyValueSpecification\",\"valueRequired\":true,\"valueName\":\"search_term_string\"}}],\"inLanguage\":\"en-US\"}]}<\/script>\n<!-- \/ Yoast SEO plugin. -->","yoast_head_json":{"title":"Pura-Vida Totebag - Noir Studios","robots":{"index":"noindex","follow":"follow","max-snippet":"max-snippet:-1","max-image-preview":"max-image-preview:large","max-video-preview":"max-video-preview:-1"},"og_locale":"en_US","og_type":"article","og_title":"Pura-Vida Totebag - Noir Studios","og_description":"T\u00fai Pura-Vida Totebag Noir Thi\u1ebft k\u1ebf t\u1ed1i gi\u1ea3n, ch\u1ea5t li\u1ec7u canvas b\u1ec1n ch\u1eafc, ph\u00f9 h\u1ee3p cho s\u1eed d\u1ee5ng h\u1eb1ng ng\u00e0y nh\u01b0 \u0111i h\u1ecdc, \u0111i l\u00e0m ho\u1eb7c d\u1ea1o ph\u1ed1. T\u00fai c\u00f3 kh\u00f4ng gian r\u1ed9ng r\u00e3i, d\u1ec5 d\u00e0ng mang theo nhi\u1ec1u v\u1eadt d\u1ee5ng c\u00e1 nh\u00e2n. K\u00edch th\u01b0\u1edbc: Chi\u1ec1u cao t\u00fai: 29 cm Chi\u1ec1u ngang \u0111\u00e1y t\u00fai: 38 [...]","og_url":"https:\/\/noirstudios.id.vn\/en\/product\/pura-vida-totebag\/","og_site_name":"Noir Studios","og_image":[{"width":1440,"height":1440,"url":"https:\/\/noirstudios.id.vn\/wp-content\/uploads\/2026\/03\/488689093_1261263272665949_8064376363051853690_n.jpg","type":"image\/jpeg"}],"twitter_card":"summary_large_image","schema":{"@context":"https:\/\/schema.org","@graph":[{"@type":"WebPage","@id":"https:\/\/noirstudios.id.vn\/san-pham\/pura-vida-totebag\/","url":"https:\/\/noirstudios.id.vn\/san-pham\/pura-vida-totebag\/","name":"Pura-Vida Totebag - Noir Studios","isPartOf":{"@id":"https:\/\/noirstudios.id.vn\/#website"},"datePublished":"2026-03-16T03:37:12+00:00","breadcrumb":{"@id":"https:\/\/noirstudios.id.vn\/san-pham\/pura-vida-totebag\/#breadcrumb"},"inLanguage":"en-US","potentialAction":[{"@type":"ReadAction","target":["https:\/\/noirstudios.id.vn\/san-pham\/pura-vida-totebag\/"]}]},{"@type":"BreadcrumbList","@id":"https:\/\/noirstudios.id.vn\/san-pham\/pura-vida-totebag\/#breadcrumb","itemListElement":[{"@type":"ListItem","position":1,"name":"Trang ch\u1ee7","item":"https:\/\/noirstudios.id.vn\/"},{"@type":"ListItem","position":2,"name":"S\u1ea3n ph\u1ea9m","item":"https:\/\/noirstudios.id.vn\/shop\/"},{"@type":"ListItem","position":3,"name":"Pura-Vida Totebag"}]},{"@type":"WebSite","@id":"https:\/\/noirstudios.id.vn\/#website","url":"https:\/\/noirstudios.id.vn\/","name":"Noir Studios","description":"","potentialAction":[{"@type":"SearchAction","target":{"@type":"EntryPoint","urlTemplate":"https:\/\/noirstudios.id.vn\/?s={search_term_string}"},"query-input":{"@type":"PropertyValueSpecification","valueRequired":true,"valueName":"search_term_string"}}],"inLanguage":"en-US"}]}},"_links":{"self":[{"href":"https:\/\/noirstudios.id.vn\/en\/wp-json\/wp\/v2\/product\/755","targetHints":{"allow":["GET"]}}],"collection":[{"href":"https:\/\/noirstudios.id.vn\/en\/wp-json\/wp\/v2\/product"}],"about":[{"href":"https:\/\/noirstudios.id.vn\/en\/wp-json\/wp\/v2\/types\/product"}],"replies":[{"embeddable":true,"href":"https:\/\/noirstudios.id.vn\/en\/wp-json\/wp\/v2\/comments?post=755"}],"wp:attachment":[{"href":"https:\/\/noirstudios.id.vn\/en\/wp-json\/wp\/v2\/media?parent=755"}],"wp:term":[{"taxonomy":"product_brand","embeddable":true,"href":"https:\/\/noirstudios.id.vn\/en\/wp-json\/wp\/v2\/product_brand?post=755"},{"taxonomy":"product_cat","embeddable":true,"href":"https:\/\/noirstudios.id.vn\/en\/wp-json\/wp\/v2\/product_cat?post=755"},{"taxonomy":"product_tag","embeddable":true,"href":"https:\/\/noirstudios.id.vn\/en\/wp-json\/wp\/v2\/product_tag?post=755"}],"curies":[{"name":"wp","href":"https:\/\/api.w.org\/{rel}","templated":true}]}}