{"id":603,"date":"2026-03-15T10:27:45","date_gmt":"2026-03-15T10:27:45","guid":{"rendered":"https:\/\/noirstudios.id.vn\/?post_type=product&#038;p=603"},"modified":"2026-03-16T03:46:10","modified_gmt":"2026-03-16T03:46:10","slug":"noir-wide-pants","status":"publish","type":"product","link":"https:\/\/noirstudios.id.vn\/en\/product\/noir-wide-pants\/","title":{"rendered":"Black Wide Pants"},"content":{"rendered":"<p class=\"QN2lPu\">Qu\u1ea7n Noir Wide Pants l\u00e0 s\u1ea3n ph\u1ea9m qu\u1ea7n \u1ed1ng r\u1ed9ng v\u1edbi form d\u00e1ng linh ho\u1ea1t. \u1ed0ng qu\u1ea7n Cropped tr\u1ebb trung.<\/p>\n<p class=\"QN2lPu\">S\u1ea3n ph\u1ea9m hi\u1ec7n t\u1ea1i ch\u1ec9 c\u00f3 m\u00e0u \u0111en v\u00e0 ba size S\/M\/L.<\/p>\n<p class=\"QN2lPu\">","protected":false},"excerpt":{"rendered":"<p>Qu\u1ea7n Noir Wide Pants l\u00e0 s\u1ea3n ph\u1ea9m qu\u1ea7n \u1ed1ng r\u1ed9ng v\u1edbi form d\u00e1ng linh ho\u1ea1t. \u1ed0ng qu\u1ea7n Cropped tr\u1ebb trung. S\u1ea3n ph\u1ea9m hi\u1ec7n t\u1ea1i ch\u1ec9 c\u00f3 m\u00e0u \u0111en v\u00e0 ba size S\/M\/L.<\/p>","protected":false},"featured_media":0,"comment_status":"open","ping_status":"closed","template":"","meta":[],"product_brand":[],"product_cat":[73,123],"product_tag":[],"class_list":{"0":"post-603","1":"product","2":"type-product","3":"status-publish","5":"product_cat-bottom","6":"product_cat-pants","8":"first","9":"instock","10":"shipping-taxable","11":"purchasable","12":"product-type-variable","13":"add-to-wishlist-before_image"},"yoast_head":"<!-- This site is optimized with the Yoast SEO plugin v27.3 - https:\/\/yoast.com\/product\/yoast-seo-wordpress\/ -->\n<title>Noir Wide Pants - Noir Studios<\/title>\n<meta name=\"robots\" content=\"noindex, follow, max-snippet:-1, max-image-preview:large, max-video-preview:-1\" \/>\n<meta property=\"og:locale\" content=\"en_US\" \/>\n<meta property=\"og:type\" content=\"article\" \/>\n<meta property=\"og:title\" content=\"Noir Wide Pants - Noir Studios\" \/>\n<meta property=\"og:description\" content=\"Qu\u1ea7n Noir Wide Pants l\u00e0 s\u1ea3n ph\u1ea9m qu\u1ea7n \u1ed1ng r\u1ed9ng v\u1edbi form d\u00e1ng linh ho\u1ea1t. \u1ed0ng qu\u1ea7n Cropped tr\u1ebb trung. S\u1ea3n ph\u1ea9m hi\u1ec7n t\u1ea1i ch\u1ec9 c\u00f3 m\u00e0u \u0111en v\u00e0 ba size S\/M\/L.\" \/>\n<meta property=\"og:url\" content=\"https:\/\/noirstudios.id.vn\/en\/product\/noir-wide-pants\/\" \/>\n<meta property=\"og:site_name\" content=\"Noir Studios\" \/>\n<meta property=\"article:modified_time\" content=\"2026-03-16T03:46:10+00:00\" \/>\n<meta property=\"og:image\" content=\"https:\/\/noirstudios.id.vn\/wp-content\/uploads\/2026\/03\/vn-11134207-7r98o-lz0rqwgfungtc3.webp\" \/>\n\t<meta property=\"og:image:width\" content=\"1024\" \/>\n\t<meta property=\"og:image:height\" content=\"1024\" \/>\n\t<meta property=\"og:image:type\" content=\"image\/webp\" \/>\n<meta name=\"twitter:card\" content=\"summary_large_image\" \/>\n<script type=\"application\/ld+json\" class=\"yoast-schema-graph\">{\"@context\":\"https:\\\/\\\/schema.org\",\"@graph\":[{\"@type\":\"WebPage\",\"@id\":\"https:\\\/\\\/noirstudios.id.vn\\\/san-pham\\\/noir-wide-pants\\\/\",\"url\":\"https:\\\/\\\/noirstudios.id.vn\\\/san-pham\\\/noir-wide-pants\\\/\",\"name\":\"Noir Wide Pants - Noir Studios\",\"isPartOf\":{\"@id\":\"https:\\\/\\\/noirstudios.id.vn\\\/#website\"},\"datePublished\":\"2026-03-15T10:27:45+00:00\",\"dateModified\":\"2026-03-16T03:46:10+00:00\",\"breadcrumb\":{\"@id\":\"https:\\\/\\\/noirstudios.id.vn\\\/san-pham\\\/noir-wide-pants\\\/#breadcrumb\"},\"inLanguage\":\"en-US\",\"potentialAction\":[{\"@type\":\"ReadAction\",\"target\":[\"https:\\\/\\\/noirstudios.id.vn\\\/san-pham\\\/noir-wide-pants\\\/\"]}]},{\"@type\":\"BreadcrumbList\",\"@id\":\"https:\\\/\\\/noirstudios.id.vn\\\/san-pham\\\/noir-wide-pants\\\/#breadcrumb\",\"itemListElement\":[{\"@type\":\"ListItem\",\"position\":1,\"name\":\"Trang ch\u1ee7\",\"item\":\"https:\\\/\\\/noirstudios.id.vn\\\/\"},{\"@type\":\"ListItem\",\"position\":2,\"name\":\"S\u1ea3n ph\u1ea9m\",\"item\":\"https:\\\/\\\/noirstudios.id.vn\\\/shop\\\/\"},{\"@type\":\"ListItem\",\"position\":3,\"name\":\"Noir Wide Pants\"}]},{\"@type\":\"WebSite\",\"@id\":\"https:\\\/\\\/noirstudios.id.vn\\\/#website\",\"url\":\"https:\\\/\\\/noirstudios.id.vn\\\/\",\"name\":\"Noir Studios\",\"description\":\"\",\"potentialAction\":[{\"@type\":\"SearchAction\",\"target\":{\"@type\":\"EntryPoint\",\"urlTemplate\":\"https:\\\/\\\/noirstudios.id.vn\\\/?s={search_term_string}\"},\"query-input\":{\"@type\":\"PropertyValueSpecification\",\"valueRequired\":true,\"valueName\":\"search_term_string\"}}],\"inLanguage\":\"en-US\"}]}<\/script>\n<!-- \/ Yoast SEO plugin. -->","yoast_head_json":{"title":"Noir Wide Pants - Noir Studios","robots":{"index":"noindex","follow":"follow","max-snippet":"max-snippet:-1","max-image-preview":"max-image-preview:large","max-video-preview":"max-video-preview:-1"},"og_locale":"en_US","og_type":"article","og_title":"Noir Wide Pants - Noir Studios","og_description":"Qu\u1ea7n Noir Wide Pants l\u00e0 s\u1ea3n ph\u1ea9m qu\u1ea7n \u1ed1ng r\u1ed9ng v\u1edbi form d\u00e1ng linh ho\u1ea1t. \u1ed0ng qu\u1ea7n Cropped tr\u1ebb trung. S\u1ea3n ph\u1ea9m hi\u1ec7n t\u1ea1i ch\u1ec9 c\u00f3 m\u00e0u \u0111en v\u00e0 ba size S\/M\/L.","og_url":"https:\/\/noirstudios.id.vn\/en\/product\/noir-wide-pants\/","og_site_name":"Noir Studios","article_modified_time":"2026-03-16T03:46:10+00:00","og_image":[{"width":1024,"height":1024,"url":"https:\/\/noirstudios.id.vn\/wp-content\/uploads\/2026\/03\/vn-11134207-7r98o-lz0rqwgfungtc3.webp","type":"image\/webp"}],"twitter_card":"summary_large_image","schema":{"@context":"https:\/\/schema.org","@graph":[{"@type":"WebPage","@id":"https:\/\/noirstudios.id.vn\/san-pham\/noir-wide-pants\/","url":"https:\/\/noirstudios.id.vn\/san-pham\/noir-wide-pants\/","name":"Noir Wide Pants - Noir Studios","isPartOf":{"@id":"https:\/\/noirstudios.id.vn\/#website"},"datePublished":"2026-03-15T10:27:45+00:00","dateModified":"2026-03-16T03:46:10+00:00","breadcrumb":{"@id":"https:\/\/noirstudios.id.vn\/san-pham\/noir-wide-pants\/#breadcrumb"},"inLanguage":"en-US","potentialAction":[{"@type":"ReadAction","target":["https:\/\/noirstudios.id.vn\/san-pham\/noir-wide-pants\/"]}]},{"@type":"BreadcrumbList","@id":"https:\/\/noirstudios.id.vn\/san-pham\/noir-wide-pants\/#breadcrumb","itemListElement":[{"@type":"ListItem","position":1,"name":"Trang ch\u1ee7","item":"https:\/\/noirstudios.id.vn\/"},{"@type":"ListItem","position":2,"name":"S\u1ea3n ph\u1ea9m","item":"https:\/\/noirstudios.id.vn\/shop\/"},{"@type":"ListItem","position":3,"name":"Noir Wide Pants"}]},{"@type":"WebSite","@id":"https:\/\/noirstudios.id.vn\/#website","url":"https:\/\/noirstudios.id.vn\/","name":"Noir Studios","description":"","potentialAction":[{"@type":"SearchAction","target":{"@type":"EntryPoint","urlTemplate":"https:\/\/noirstudios.id.vn\/?s={search_term_string}"},"query-input":{"@type":"PropertyValueSpecification","valueRequired":true,"valueName":"search_term_string"}}],"inLanguage":"en-US"}]}},"_links":{"self":[{"href":"https:\/\/noirstudios.id.vn\/en\/wp-json\/wp\/v2\/product\/603","targetHints":{"allow":["GET"]}}],"collection":[{"href":"https:\/\/noirstudios.id.vn\/en\/wp-json\/wp\/v2\/product"}],"about":[{"href":"https:\/\/noirstudios.id.vn\/en\/wp-json\/wp\/v2\/types\/product"}],"replies":[{"embeddable":true,"href":"https:\/\/noirstudios.id.vn\/en\/wp-json\/wp\/v2\/comments?post=603"}],"wp:attachment":[{"href":"https:\/\/noirstudios.id.vn\/en\/wp-json\/wp\/v2\/media?parent=603"}],"wp:term":[{"taxonomy":"product_brand","embeddable":true,"href":"https:\/\/noirstudios.id.vn\/en\/wp-json\/wp\/v2\/product_brand?post=603"},{"taxonomy":"product_cat","embeddable":true,"href":"https:\/\/noirstudios.id.vn\/en\/wp-json\/wp\/v2\/product_cat?post=603"},{"taxonomy":"product_tag","embeddable":true,"href":"https:\/\/noirstudios.id.vn\/en\/wp-json\/wp\/v2\/product_tag?post=603"}],"curies":[{"name":"wp","href":"https:\/\/api.w.org\/{rel}","templated":true}]}}