{"id":2825,"date":"2026-04-18T03:34:04","date_gmt":"2026-04-18T03:34:04","guid":{"rendered":"https:\/\/noirstudios.id.vn\/?post_type=product&#038;p=2825"},"modified":"2026-04-18T03:41:16","modified_gmt":"2026-04-18T03:41:16","slug":"2825","status":"publish","type":"product","link":"https:\/\/noirstudios.id.vn\/en\/product\/2825\/","title":{"rendered":"EME Tee"},"content":{"rendered":"","protected":false},"excerpt":{"rendered":"<div class=\"flex flex-col text-sm pb-25\">\n<section class=\"text-token-text-primary w-full focus:outline-none [--shadow-height:45px] has-data-writing-block:pointer-events-none has-data-writing-block:-mt-(--shadow-height) has-data-writing-block:pt-(--shadow-height) [&amp;:has([data-writing-block])&gt;*]:pointer-events-auto scroll-mt-[calc(var(--header-height)+min(200px,max(70px,20svh)))]\" dir=\"auto\" data-turn-id=\"request-WEB:0462855e-8fb1-42a7-8260-8e85d80e2733-1\" data-testid=\"conversation-turn-4\" data-scroll-anchor=\"true\" data-turn=\"assistant\">\n<div class=\"text-base my-auto mx-auto pb-10 [--thread-content-margin:var(--thread-content-margin-xs,calc(var(--spacing)*4))] @w-sm\/main:[--thread-content-margin:var(--thread-content-margin-sm,calc(var(--spacing)*6))] @w-lg\/main:[--thread-content-margin:var(--thread-content-margin-lg,calc(var(--spacing)*16))] px-(--thread-content-margin)\">\n<div class=\"[--thread-content-max-width:40rem] @w-lg\/main:[--thread-content-max-width:48rem] mx-auto max-w-(--thread-content-max-width) flex-1 group\/turn-messages focus-visible:outline-hidden relative flex w-full min-w-0 flex-col agent-turn\">\n<div class=\"flex max-w-full flex-col gap-4 grow\">\n<div class=\"min-h-8 text-message relative flex w-full flex-col items-end gap-2 text-start break-words whitespace-normal outline-none keyboard-focused:focus-ring [.text-message+&amp;]:mt-1\" dir=\"auto\" tabindex=\"0\" data-message-author-role=\"assistant\" data-message-id=\"527bcd3a-a80d-42a0-b20a-94f037bc88c7\" data-message-model-slug=\"gpt-5-3\" data-turn-start-message=\"true\">\n<div class=\"flex w-full flex-col gap-1 empty:hidden\">\n<div class=\"markdown prose dark:prose-invert w-full wrap-break-word light markdown-new-styling\">\n<ul>\n<li data-start=\"0\" data-end=\"297\">Ch\u1ea5t li\u1ec7u: Cotton pha co gi\u00e3n nh\u1eb9, m\u1ec1m m\u1ea1i, tho\u00e1ng m\u00e1t, th\u1ea5m h\u00fat t\u1ed1t<\/li>\n<li data-start=\"0\" data-end=\"297\">Form: Regular fit tho\u1ea3i m\u00e1i, vai raglan d\u1ec5 v\u1eadn \u0111\u1ed9ng, kh\u00f4ng k\u00e9n d\u00e1ng<\/li>\n<li data-start=\"0\" data-end=\"297\">Phong c\u00e1ch: T\u1ed1i gi\u1ea3n, hi\u1ec7n \u0111\u1ea1i, d\u1ec5 ph\u1ed1i trong nhi\u1ec1u outfit<\/li>\n<li data-start=\"0\" data-end=\"297\">\u1ee8ng d\u1ee5ng: Ph\u00f9 h\u1ee3p m\u1eb7c h\u1eb1ng ng\u00e0y, \u0111i h\u1ecdc, \u0111i l\u00e0m ho\u1eb7c layering nh\u1eb9 nh\u00e0ng<\/li>\n<\/ul>\n<\/div>\n<\/div>\n<\/div>\n<\/div>\n<div class=\"z-0 flex min-h-[46px] justify-start\"><\/div>\n<div class=\"mt-3 w-full empty:hidden\">\n<div class=\"text-center\"><\/div>\n<\/div>\n<\/div>\n<\/div>\n<\/section>\n<\/div>\n<div class=\"pointer-events-none h-px w-px absolute bottom-0\" aria-hidden=\"true\" data-edge=\"true\"><\/div>\n","protected":false},"featured_media":0,"comment_status":"open","ping_status":"closed","template":"","meta":[],"product_brand":[],"product_cat":[74,71],"product_tag":[],"class_list":{"0":"post-2825","1":"product","2":"type-product","3":"status-publish","5":"product_cat-t-shirt","6":"product_cat-top","8":"first","9":"instock","10":"shipping-taxable","11":"purchasable","12":"product-type-variable","13":"add-to-wishlist-before_image"},"yoast_head":"<!-- This site is optimized with the Yoast SEO plugin v27.3 - https:\/\/yoast.com\/product\/yoast-seo-wordpress\/ -->\n<title>EME Tee - Noir Studios<\/title>\n<meta name=\"robots\" content=\"noindex, follow, max-snippet:-1, max-image-preview:large, max-video-preview:-1\" \/>\n<meta property=\"og:locale\" content=\"en_US\" \/>\n<meta property=\"og:type\" content=\"article\" \/>\n<meta property=\"og:title\" content=\"EME Tee - Noir Studios\" \/>\n<meta property=\"og:description\" content=\"Ch\u1ea5t li\u1ec7u: Cotton pha co gi\u00e3n nh\u1eb9, m\u1ec1m m\u1ea1i, tho\u00e1ng m\u00e1t, th\u1ea5m h\u00fat t\u1ed1t  Form: Regular fit tho\u1ea3i m\u00e1i, vai raglan d\u1ec5 v\u1eadn \u0111\u1ed9ng, kh\u00f4ng k\u00e9n d\u00e1ng  Phong c\u00e1ch: T\u1ed1i gi\u1ea3n, hi\u1ec7n \u0111\u1ea1i, d\u1ec5 ph\u1ed1i trong nhi\u1ec1u outfit  \u1ee8ng d\u1ee5ng: Ph\u00f9 h\u1ee3p m\u1eb7c h\u1eb1ng ng\u00e0y, \u0111i h\u1ecdc, \u0111i l\u00e0m ho\u1eb7c layering nh\u1eb9 nh\u00e0ng\" \/>\n<meta property=\"og:url\" content=\"https:\/\/noirstudios.id.vn\/en\/product\/2825\/\" \/>\n<meta property=\"og:site_name\" content=\"Noir Studios\" \/>\n<meta property=\"article:modified_time\" content=\"2026-04-18T03:41:16+00:00\" \/>\n<meta property=\"og:image\" content=\"http:\/\/noirstudios.id.vn\/wp-content\/uploads\/2026\/04\/610524817_18445215385097232_4683141316128013182_n.jpg\" \/>\n\t<meta property=\"og:image:width\" content=\"1440\" \/>\n\t<meta property=\"og:image:height\" content=\"1918\" \/>\n\t<meta property=\"og:image:type\" content=\"image\/jpeg\" \/>\n<meta name=\"twitter:card\" content=\"summary_large_image\" \/>\n<meta name=\"twitter:label1\" content=\"Est. reading time\" \/>\n\t<meta name=\"twitter:data1\" content=\"1 minute\" \/>\n<script type=\"application\/ld+json\" class=\"yoast-schema-graph\">{\"@context\":\"https:\\\/\\\/schema.org\",\"@graph\":[{\"@type\":\"WebPage\",\"@id\":\"https:\\\/\\\/noirstudios.id.vn\\\/san-pham\\\/2825\\\/\",\"url\":\"https:\\\/\\\/noirstudios.id.vn\\\/san-pham\\\/2825\\\/\",\"name\":\"EME Tee - Noir Studios\",\"isPartOf\":{\"@id\":\"https:\\\/\\\/noirstudios.id.vn\\\/#website\"},\"datePublished\":\"2026-04-18T03:34:04+00:00\",\"dateModified\":\"2026-04-18T03:41:16+00:00\",\"breadcrumb\":{\"@id\":\"https:\\\/\\\/noirstudios.id.vn\\\/san-pham\\\/2825\\\/#breadcrumb\"},\"inLanguage\":\"en-US\",\"potentialAction\":[{\"@type\":\"ReadAction\",\"target\":[\"https:\\\/\\\/noirstudios.id.vn\\\/san-pham\\\/2825\\\/\"]}]},{\"@type\":\"BreadcrumbList\",\"@id\":\"https:\\\/\\\/noirstudios.id.vn\\\/san-pham\\\/2825\\\/#breadcrumb\",\"itemListElement\":[{\"@type\":\"ListItem\",\"position\":1,\"name\":\"Trang ch\u1ee7\",\"item\":\"https:\\\/\\\/noirstudios.id.vn\\\/\"},{\"@type\":\"ListItem\",\"position\":2,\"name\":\"S\u1ea3n ph\u1ea9m\",\"item\":\"https:\\\/\\\/noirstudios.id.vn\\\/shop\\\/\"},{\"@type\":\"ListItem\",\"position\":3,\"name\":\"EME Tee\"}]},{\"@type\":\"WebSite\",\"@id\":\"https:\\\/\\\/noirstudios.id.vn\\\/#website\",\"url\":\"https:\\\/\\\/noirstudios.id.vn\\\/\",\"name\":\"Noir Studios\",\"description\":\"\",\"potentialAction\":[{\"@type\":\"SearchAction\",\"target\":{\"@type\":\"EntryPoint\",\"urlTemplate\":\"https:\\\/\\\/noirstudios.id.vn\\\/?s={search_term_string}\"},\"query-input\":{\"@type\":\"PropertyValueSpecification\",\"valueRequired\":true,\"valueName\":\"search_term_string\"}}],\"inLanguage\":\"en-US\"}]}<\/script>\n<!-- \/ Yoast SEO plugin. -->","yoast_head_json":{"title":"EME Tee - Noir Studios","robots":{"index":"noindex","follow":"follow","max-snippet":"max-snippet:-1","max-image-preview":"max-image-preview:large","max-video-preview":"max-video-preview:-1"},"og_locale":"en_US","og_type":"article","og_title":"EME Tee - Noir Studios","og_description":"Ch\u1ea5t li\u1ec7u: Cotton pha co gi\u00e3n nh\u1eb9, m\u1ec1m m\u1ea1i, tho\u00e1ng m\u00e1t, th\u1ea5m h\u00fat t\u1ed1t  Form: Regular fit tho\u1ea3i m\u00e1i, vai raglan d\u1ec5 v\u1eadn \u0111\u1ed9ng, kh\u00f4ng k\u00e9n d\u00e1ng  Phong c\u00e1ch: T\u1ed1i gi\u1ea3n, hi\u1ec7n \u0111\u1ea1i, d\u1ec5 ph\u1ed1i trong nhi\u1ec1u outfit  \u1ee8ng d\u1ee5ng: Ph\u00f9 h\u1ee3p m\u1eb7c h\u1eb1ng ng\u00e0y, \u0111i h\u1ecdc, \u0111i l\u00e0m ho\u1eb7c layering nh\u1eb9 nh\u00e0ng","og_url":"https:\/\/noirstudios.id.vn\/en\/product\/2825\/","og_site_name":"Noir Studios","article_modified_time":"2026-04-18T03:41:16+00:00","og_image":[{"width":1440,"height":1918,"url":"http:\/\/noirstudios.id.vn\/wp-content\/uploads\/2026\/04\/610524817_18445215385097232_4683141316128013182_n.jpg","type":"image\/jpeg"}],"twitter_card":"summary_large_image","twitter_misc":{"Est. reading time":"1 minute"},"schema":{"@context":"https:\/\/schema.org","@graph":[{"@type":"WebPage","@id":"https:\/\/noirstudios.id.vn\/san-pham\/2825\/","url":"https:\/\/noirstudios.id.vn\/san-pham\/2825\/","name":"EME Tee - Noir Studios","isPartOf":{"@id":"https:\/\/noirstudios.id.vn\/#website"},"datePublished":"2026-04-18T03:34:04+00:00","dateModified":"2026-04-18T03:41:16+00:00","breadcrumb":{"@id":"https:\/\/noirstudios.id.vn\/san-pham\/2825\/#breadcrumb"},"inLanguage":"en-US","potentialAction":[{"@type":"ReadAction","target":["https:\/\/noirstudios.id.vn\/san-pham\/2825\/"]}]},{"@type":"BreadcrumbList","@id":"https:\/\/noirstudios.id.vn\/san-pham\/2825\/#breadcrumb","itemListElement":[{"@type":"ListItem","position":1,"name":"Trang ch\u1ee7","item":"https:\/\/noirstudios.id.vn\/"},{"@type":"ListItem","position":2,"name":"S\u1ea3n ph\u1ea9m","item":"https:\/\/noirstudios.id.vn\/shop\/"},{"@type":"ListItem","position":3,"name":"EME Tee"}]},{"@type":"WebSite","@id":"https:\/\/noirstudios.id.vn\/#website","url":"https:\/\/noirstudios.id.vn\/","name":"Noir Studios","description":"","potentialAction":[{"@type":"SearchAction","target":{"@type":"EntryPoint","urlTemplate":"https:\/\/noirstudios.id.vn\/?s={search_term_string}"},"query-input":{"@type":"PropertyValueSpecification","valueRequired":true,"valueName":"search_term_string"}}],"inLanguage":"en-US"}]}},"_links":{"self":[{"href":"https:\/\/noirstudios.id.vn\/en\/wp-json\/wp\/v2\/product\/2825","targetHints":{"allow":["GET"]}}],"collection":[{"href":"https:\/\/noirstudios.id.vn\/en\/wp-json\/wp\/v2\/product"}],"about":[{"href":"https:\/\/noirstudios.id.vn\/en\/wp-json\/wp\/v2\/types\/product"}],"replies":[{"embeddable":true,"href":"https:\/\/noirstudios.id.vn\/en\/wp-json\/wp\/v2\/comments?post=2825"}],"wp:attachment":[{"href":"https:\/\/noirstudios.id.vn\/en\/wp-json\/wp\/v2\/media?parent=2825"}],"wp:term":[{"taxonomy":"product_brand","embeddable":true,"href":"https:\/\/noirstudios.id.vn\/en\/wp-json\/wp\/v2\/product_brand?post=2825"},{"taxonomy":"product_cat","embeddable":true,"href":"https:\/\/noirstudios.id.vn\/en\/wp-json\/wp\/v2\/product_cat?post=2825"},{"taxonomy":"product_tag","embeddable":true,"href":"https:\/\/noirstudios.id.vn\/en\/wp-json\/wp\/v2\/product_tag?post=2825"}],"curies":[{"name":"wp","href":"https:\/\/api.w.org\/{rel}","templated":true}]}}