{"id":2820,"date":"2026-04-18T03:14:12","date_gmt":"2026-04-18T03:14:12","guid":{"rendered":"https:\/\/noirstudios.id.vn\/?post_type=product&#038;p=2820"},"modified":"2026-04-18T03:14:42","modified_gmt":"2026-04-18T03:14:42","slug":"gum-jacket","status":"publish","type":"product","link":"https:\/\/noirstudios.id.vn\/en\/product\/gum-jacket\/","title":{"rendered":"GUM JACKET"},"content":{"rendered":"","protected":false},"excerpt":{"rendered":"<ul>\n<li>Ch\u1ea5t li\u1ec7u: V\u1ea3i d\u1ec7t n\u1ed5i d\u00e0y d\u1eb7n, b\u1ec1 m\u1eb7t texture nh\u1eb9, gi\u1eef form t\u1ed1t, tho\u00e1ng v\u00e0 \u00eam khi m\u1eb7c<\/li>\n<li>Form: D\u00e1ng regular g\u1ecdn g\u00e0ng, c\u1ee9ng c\u00e1p, d\u1ec5 ph\u1ed1i nhi\u1ec1u outfit<\/li>\n<li>Phong c\u00e1ch: T\u1ed1i gi\u1ea3n, hi\u1ec7n \u0111\u1ea1i, pha ch\u00fat utility v\u1edbi t\u00fai h\u1ed9p ph\u00eda tr\u01b0\u1edbc<\/li>\n<li>\u1ee8ng d\u1ee5ng: Ph\u00f9 h\u1ee3p \u0111i l\u00e0m, \u0111i ch\u01a1i ho\u1eb7c layering h\u1eb1ng ng\u00e0y trong th\u1eddi ti\u1ebft m\u00e1t\/l\u1ea1nh nh\u1eb9<\/li>\n<\/ul>","protected":false},"featured_media":0,"comment_status":"open","ping_status":"closed","template":"","meta":[],"product_brand":[],"product_cat":[17,77,71,143],"product_tag":[],"class_list":{"0":"post-2820","1":"product","2":"type-product","3":"status-publish","5":"product_cat-chua-phan-loai","6":"product_cat-jacket","7":"product_cat-top","8":"product_cat-winter-collection","10":"first","11":"instock","12":"shipping-taxable","13":"purchasable","14":"product-type-simple","15":"add-to-wishlist-before_image"},"yoast_head":"<!-- This site is optimized with the Yoast SEO plugin v27.3 - https:\/\/yoast.com\/product\/yoast-seo-wordpress\/ -->\n<title>GUM JACKET - Noir Studios<\/title>\n<meta name=\"robots\" content=\"noindex, follow, max-snippet:-1, max-image-preview:large, max-video-preview:-1\" \/>\n<meta property=\"og:locale\" content=\"en_US\" \/>\n<meta property=\"og:type\" content=\"article\" \/>\n<meta property=\"og:title\" content=\"GUM JACKET - Noir Studios\" \/>\n<meta property=\"og:description\" content=\"Ch\u1ea5t li\u1ec7u: V\u1ea3i d\u1ec7t n\u1ed5i d\u00e0y d\u1eb7n, b\u1ec1 m\u1eb7t texture nh\u1eb9, gi\u1eef form t\u1ed1t, tho\u00e1ng v\u00e0 \u00eam khi m\u1eb7c  Form: D\u00e1ng regular g\u1ecdn g\u00e0ng, c\u1ee9ng c\u00e1p, d\u1ec5 ph\u1ed1i nhi\u1ec1u outfit  Phong c\u00e1ch: T\u1ed1i gi\u1ea3n, hi\u1ec7n \u0111\u1ea1i, pha ch\u00fat utility v\u1edbi t\u00fai h\u1ed9p ph\u00eda tr\u01b0\u1edbc  \u1ee8ng d\u1ee5ng: Ph\u00f9 h\u1ee3p \u0111i l\u00e0m, \u0111i ch\u01a1i ho\u1eb7c layering h\u1eb1ng ng\u00e0y trong th\u1eddi ti\u1ebft m\u00e1t\/l\u1ea1nh nh\u1eb9\" \/>\n<meta property=\"og:url\" content=\"https:\/\/noirstudios.id.vn\/en\/product\/gum-jacket\/\" \/>\n<meta property=\"og:site_name\" content=\"Noir Studios\" \/>\n<meta property=\"article:modified_time\" content=\"2026-04-18T03:14:42+00:00\" \/>\n<meta property=\"og:image\" content=\"http:\/\/noirstudios.id.vn\/wp-content\/uploads\/2026\/04\/616046878_18446356123097232_4645893075070333735_n.jpg\" \/>\n\t<meta property=\"og:image:width\" content=\"1440\" \/>\n\t<meta property=\"og:image:height\" content=\"1905\" \/>\n\t<meta property=\"og:image:type\" content=\"image\/jpeg\" \/>\n<meta name=\"twitter:card\" content=\"summary_large_image\" \/>\n<meta name=\"twitter:label1\" content=\"Est. reading time\" \/>\n\t<meta name=\"twitter:data1\" content=\"1 minute\" \/>\n<script type=\"application\/ld+json\" class=\"yoast-schema-graph\">{\"@context\":\"https:\\\/\\\/schema.org\",\"@graph\":[{\"@type\":\"WebPage\",\"@id\":\"https:\\\/\\\/noirstudios.id.vn\\\/san-pham\\\/gum-jacket\\\/\",\"url\":\"https:\\\/\\\/noirstudios.id.vn\\\/san-pham\\\/gum-jacket\\\/\",\"name\":\"GUM JACKET - Noir Studios\",\"isPartOf\":{\"@id\":\"https:\\\/\\\/noirstudios.id.vn\\\/#website\"},\"datePublished\":\"2026-04-18T03:14:12+00:00\",\"dateModified\":\"2026-04-18T03:14:42+00:00\",\"breadcrumb\":{\"@id\":\"https:\\\/\\\/noirstudios.id.vn\\\/san-pham\\\/gum-jacket\\\/#breadcrumb\"},\"inLanguage\":\"en-US\",\"potentialAction\":[{\"@type\":\"ReadAction\",\"target\":[\"https:\\\/\\\/noirstudios.id.vn\\\/san-pham\\\/gum-jacket\\\/\"]}]},{\"@type\":\"BreadcrumbList\",\"@id\":\"https:\\\/\\\/noirstudios.id.vn\\\/san-pham\\\/gum-jacket\\\/#breadcrumb\",\"itemListElement\":[{\"@type\":\"ListItem\",\"position\":1,\"name\":\"Trang ch\u1ee7\",\"item\":\"https:\\\/\\\/noirstudios.id.vn\\\/\"},{\"@type\":\"ListItem\",\"position\":2,\"name\":\"S\u1ea3n ph\u1ea9m\",\"item\":\"https:\\\/\\\/noirstudios.id.vn\\\/shop\\\/\"},{\"@type\":\"ListItem\",\"position\":3,\"name\":\"GUM JACKET\"}]},{\"@type\":\"WebSite\",\"@id\":\"https:\\\/\\\/noirstudios.id.vn\\\/#website\",\"url\":\"https:\\\/\\\/noirstudios.id.vn\\\/\",\"name\":\"Noir Studios\",\"description\":\"\",\"potentialAction\":[{\"@type\":\"SearchAction\",\"target\":{\"@type\":\"EntryPoint\",\"urlTemplate\":\"https:\\\/\\\/noirstudios.id.vn\\\/?s={search_term_string}\"},\"query-input\":{\"@type\":\"PropertyValueSpecification\",\"valueRequired\":true,\"valueName\":\"search_term_string\"}}],\"inLanguage\":\"en-US\"}]}<\/script>\n<!-- \/ Yoast SEO plugin. -->","yoast_head_json":{"title":"GUM JACKET - Noir Studios","robots":{"index":"noindex","follow":"follow","max-snippet":"max-snippet:-1","max-image-preview":"max-image-preview:large","max-video-preview":"max-video-preview:-1"},"og_locale":"en_US","og_type":"article","og_title":"GUM JACKET - Noir Studios","og_description":"Ch\u1ea5t li\u1ec7u: V\u1ea3i d\u1ec7t n\u1ed5i d\u00e0y d\u1eb7n, b\u1ec1 m\u1eb7t texture nh\u1eb9, gi\u1eef form t\u1ed1t, tho\u00e1ng v\u00e0 \u00eam khi m\u1eb7c  Form: D\u00e1ng regular g\u1ecdn g\u00e0ng, c\u1ee9ng c\u00e1p, d\u1ec5 ph\u1ed1i nhi\u1ec1u outfit  Phong c\u00e1ch: T\u1ed1i gi\u1ea3n, hi\u1ec7n \u0111\u1ea1i, pha ch\u00fat utility v\u1edbi t\u00fai h\u1ed9p ph\u00eda tr\u01b0\u1edbc  \u1ee8ng d\u1ee5ng: Ph\u00f9 h\u1ee3p \u0111i l\u00e0m, \u0111i ch\u01a1i ho\u1eb7c layering h\u1eb1ng ng\u00e0y trong th\u1eddi ti\u1ebft m\u00e1t\/l\u1ea1nh nh\u1eb9","og_url":"https:\/\/noirstudios.id.vn\/en\/product\/gum-jacket\/","og_site_name":"Noir Studios","article_modified_time":"2026-04-18T03:14:42+00:00","og_image":[{"width":1440,"height":1905,"url":"http:\/\/noirstudios.id.vn\/wp-content\/uploads\/2026\/04\/616046878_18446356123097232_4645893075070333735_n.jpg","type":"image\/jpeg"}],"twitter_card":"summary_large_image","twitter_misc":{"Est. reading time":"1 minute"},"schema":{"@context":"https:\/\/schema.org","@graph":[{"@type":"WebPage","@id":"https:\/\/noirstudios.id.vn\/san-pham\/gum-jacket\/","url":"https:\/\/noirstudios.id.vn\/san-pham\/gum-jacket\/","name":"GUM JACKET - Noir Studios","isPartOf":{"@id":"https:\/\/noirstudios.id.vn\/#website"},"datePublished":"2026-04-18T03:14:12+00:00","dateModified":"2026-04-18T03:14:42+00:00","breadcrumb":{"@id":"https:\/\/noirstudios.id.vn\/san-pham\/gum-jacket\/#breadcrumb"},"inLanguage":"en-US","potentialAction":[{"@type":"ReadAction","target":["https:\/\/noirstudios.id.vn\/san-pham\/gum-jacket\/"]}]},{"@type":"BreadcrumbList","@id":"https:\/\/noirstudios.id.vn\/san-pham\/gum-jacket\/#breadcrumb","itemListElement":[{"@type":"ListItem","position":1,"name":"Trang ch\u1ee7","item":"https:\/\/noirstudios.id.vn\/"},{"@type":"ListItem","position":2,"name":"S\u1ea3n ph\u1ea9m","item":"https:\/\/noirstudios.id.vn\/shop\/"},{"@type":"ListItem","position":3,"name":"GUM JACKET"}]},{"@type":"WebSite","@id":"https:\/\/noirstudios.id.vn\/#website","url":"https:\/\/noirstudios.id.vn\/","name":"Noir Studios","description":"","potentialAction":[{"@type":"SearchAction","target":{"@type":"EntryPoint","urlTemplate":"https:\/\/noirstudios.id.vn\/?s={search_term_string}"},"query-input":{"@type":"PropertyValueSpecification","valueRequired":true,"valueName":"search_term_string"}}],"inLanguage":"en-US"}]}},"_links":{"self":[{"href":"https:\/\/noirstudios.id.vn\/en\/wp-json\/wp\/v2\/product\/2820","targetHints":{"allow":["GET"]}}],"collection":[{"href":"https:\/\/noirstudios.id.vn\/en\/wp-json\/wp\/v2\/product"}],"about":[{"href":"https:\/\/noirstudios.id.vn\/en\/wp-json\/wp\/v2\/types\/product"}],"replies":[{"embeddable":true,"href":"https:\/\/noirstudios.id.vn\/en\/wp-json\/wp\/v2\/comments?post=2820"}],"wp:attachment":[{"href":"https:\/\/noirstudios.id.vn\/en\/wp-json\/wp\/v2\/media?parent=2820"}],"wp:term":[{"taxonomy":"product_brand","embeddable":true,"href":"https:\/\/noirstudios.id.vn\/en\/wp-json\/wp\/v2\/product_brand?post=2820"},{"taxonomy":"product_cat","embeddable":true,"href":"https:\/\/noirstudios.id.vn\/en\/wp-json\/wp\/v2\/product_cat?post=2820"},{"taxonomy":"product_tag","embeddable":true,"href":"https:\/\/noirstudios.id.vn\/en\/wp-json\/wp\/v2\/product_tag?post=2820"}],"curies":[{"name":"wp","href":"https:\/\/api.w.org\/{rel}","templated":true}]}}