{"id":224,"date":"2013-08-09T21:15:27","date_gmt":"2013-08-09T21:15:27","guid":{"rendered":"http:\/\/uxthemes.wpengine.com\/product\/harissa-o-neck-sweat\/"},"modified":"2026-04-12T06:34:14","modified_gmt":"2026-04-12T06:34:14","slug":"casa-tshirt","status":"publish","type":"product","link":"https:\/\/noirstudios.id.vn\/en\/product\/casa-tshirt\/","title":{"rendered":"House T-shirt"},"content":{"rendered":"","protected":false},"excerpt":{"rendered":"<p data-start=\"151\" data-end=\"374\">\u2022 Ch\u1ea5t li\u1ec7u: Seersucker cao c\u1ea5p \u2013 nh\u1eb9, tho\u00e1ng, gi\u1eef form t\u1ed1t<br data-start=\"210\" data-end=\"213\" \/>\u2022 Form: R\u1ed9ng, tho\u1ea3i m\u00e1i, ph\u00f9 h\u1ee3p nhi\u1ec1u d\u00e1ng ng\u01b0\u1eddi<br data-start=\"262\" data-end=\"265\" \/>\u2022 Phong c\u00e1ch: T\u1ed1i gi\u1ea3n, hi\u1ec7n \u0111\u1ea1i, d\u1ec5 ph\u1ed1i h\u1eb1ng ng\u00e0y<br data-start=\"316\" data-end=\"319\" \/>\u2022 \u1ee8ng d\u1ee5ng: M\u1eb7c \u0111i l\u00e0m, \u0111i ch\u01a1i ho\u1eb7c layering linh ho\u1ea1t<\/p>","protected":false},"featured_media":0,"comment_status":"open","ping_status":"closed","template":"","meta":[],"product_brand":[],"product_cat":[74,71],"product_tag":[],"class_list":{"0":"post-224","1":"product","2":"type-product","3":"status-publish","5":"product_cat-t-shirt","6":"product_cat-top","8":"first","9":"instock","10":"shipping-taxable","11":"purchasable","12":"product-type-variable","13":"add-to-wishlist-before_image"},"yoast_head":"<!-- This site is optimized with the Yoast SEO plugin v27.3 - https:\/\/yoast.com\/product\/yoast-seo-wordpress\/ -->\n<title>Casa T-shirt - Noir Studios<\/title>\n<meta name=\"robots\" content=\"noindex, follow, max-snippet:-1, max-image-preview:large, max-video-preview:-1\" \/>\n<meta property=\"og:locale\" content=\"en_US\" \/>\n<meta property=\"og:type\" content=\"article\" \/>\n<meta property=\"og:title\" content=\"Casa T-shirt - Noir Studios\" \/>\n<meta property=\"og:description\" content=\"\u2022 Ch\u1ea5t li\u1ec7u: Seersucker cao c\u1ea5p \u2013 nh\u1eb9, tho\u00e1ng, gi\u1eef form t\u1ed1t\u2022 Form: R\u1ed9ng, tho\u1ea3i m\u00e1i, ph\u00f9 h\u1ee3p nhi\u1ec1u d\u00e1ng ng\u01b0\u1eddi\u2022 Phong c\u00e1ch: T\u1ed1i gi\u1ea3n, hi\u1ec7n \u0111\u1ea1i, d\u1ec5 ph\u1ed1i h\u1eb1ng ng\u00e0y\u2022 \u1ee8ng d\u1ee5ng: M\u1eb7c \u0111i l\u00e0m, \u0111i ch\u01a1i ho\u1eb7c layering linh ho\u1ea1t\" \/>\n<meta property=\"og:url\" content=\"https:\/\/noirstudios.id.vn\/en\/product\/casa-tshirt\/\" \/>\n<meta property=\"og:site_name\" content=\"Noir Studios\" \/>\n<meta property=\"article:modified_time\" content=\"2026-04-12T06:34:14+00:00\" \/>\n<meta property=\"og:image\" content=\"https:\/\/noirstudios.id.vn\/wp-content\/uploads\/2013\/08\/CASA-tshirt.jpg\" \/>\n\t<meta property=\"og:image:width\" content=\"1440\" \/>\n\t<meta property=\"og:image:height\" content=\"1800\" \/>\n\t<meta property=\"og:image:type\" content=\"image\/jpeg\" \/>\n<meta name=\"twitter:card\" content=\"summary_large_image\" \/>\n<script type=\"application\/ld+json\" class=\"yoast-schema-graph\">{\"@context\":\"https:\\\/\\\/schema.org\",\"@graph\":[{\"@type\":\"WebPage\",\"@id\":\"https:\\\/\\\/noirstudios.id.vn\\\/san-pham\\\/casa-tshirt\\\/\",\"url\":\"https:\\\/\\\/noirstudios.id.vn\\\/san-pham\\\/casa-tshirt\\\/\",\"name\":\"Casa T-shirt - Noir Studios\",\"isPartOf\":{\"@id\":\"https:\\\/\\\/noirstudios.id.vn\\\/#website\"},\"datePublished\":\"2013-08-09T21:15:27+00:00\",\"dateModified\":\"2026-04-12T06:34:14+00:00\",\"breadcrumb\":{\"@id\":\"https:\\\/\\\/noirstudios.id.vn\\\/san-pham\\\/casa-tshirt\\\/#breadcrumb\"},\"inLanguage\":\"en-US\",\"potentialAction\":[{\"@type\":\"ReadAction\",\"target\":[\"https:\\\/\\\/noirstudios.id.vn\\\/san-pham\\\/casa-tshirt\\\/\"]}]},{\"@type\":\"BreadcrumbList\",\"@id\":\"https:\\\/\\\/noirstudios.id.vn\\\/san-pham\\\/casa-tshirt\\\/#breadcrumb\",\"itemListElement\":[{\"@type\":\"ListItem\",\"position\":1,\"name\":\"Trang ch\u1ee7\",\"item\":\"https:\\\/\\\/noirstudios.id.vn\\\/\"},{\"@type\":\"ListItem\",\"position\":2,\"name\":\"S\u1ea3n ph\u1ea9m\",\"item\":\"https:\\\/\\\/noirstudios.id.vn\\\/shop\\\/\"},{\"@type\":\"ListItem\",\"position\":3,\"name\":\"Casa T-shirt\"}]},{\"@type\":\"WebSite\",\"@id\":\"https:\\\/\\\/noirstudios.id.vn\\\/#website\",\"url\":\"https:\\\/\\\/noirstudios.id.vn\\\/\",\"name\":\"Noir Studios\",\"description\":\"\",\"potentialAction\":[{\"@type\":\"SearchAction\",\"target\":{\"@type\":\"EntryPoint\",\"urlTemplate\":\"https:\\\/\\\/noirstudios.id.vn\\\/?s={search_term_string}\"},\"query-input\":{\"@type\":\"PropertyValueSpecification\",\"valueRequired\":true,\"valueName\":\"search_term_string\"}}],\"inLanguage\":\"en-US\"}]}<\/script>\n<!-- \/ Yoast SEO plugin. -->","yoast_head_json":{"title":"Casa T-shirt - Noir Studios","robots":{"index":"noindex","follow":"follow","max-snippet":"max-snippet:-1","max-image-preview":"max-image-preview:large","max-video-preview":"max-video-preview:-1"},"og_locale":"en_US","og_type":"article","og_title":"Casa T-shirt - Noir Studios","og_description":"\u2022 Ch\u1ea5t li\u1ec7u: Seersucker cao c\u1ea5p \u2013 nh\u1eb9, tho\u00e1ng, gi\u1eef form t\u1ed1t\u2022 Form: R\u1ed9ng, tho\u1ea3i m\u00e1i, ph\u00f9 h\u1ee3p nhi\u1ec1u d\u00e1ng ng\u01b0\u1eddi\u2022 Phong c\u00e1ch: T\u1ed1i gi\u1ea3n, hi\u1ec7n \u0111\u1ea1i, d\u1ec5 ph\u1ed1i h\u1eb1ng ng\u00e0y\u2022 \u1ee8ng d\u1ee5ng: M\u1eb7c \u0111i l\u00e0m, \u0111i ch\u01a1i ho\u1eb7c layering linh ho\u1ea1t","og_url":"https:\/\/noirstudios.id.vn\/en\/product\/casa-tshirt\/","og_site_name":"Noir Studios","article_modified_time":"2026-04-12T06:34:14+00:00","og_image":[{"width":1440,"height":1800,"url":"https:\/\/noirstudios.id.vn\/wp-content\/uploads\/2013\/08\/CASA-tshirt.jpg","type":"image\/jpeg"}],"twitter_card":"summary_large_image","schema":{"@context":"https:\/\/schema.org","@graph":[{"@type":"WebPage","@id":"https:\/\/noirstudios.id.vn\/san-pham\/casa-tshirt\/","url":"https:\/\/noirstudios.id.vn\/san-pham\/casa-tshirt\/","name":"Casa T-shirt - Noir Studios","isPartOf":{"@id":"https:\/\/noirstudios.id.vn\/#website"},"datePublished":"2013-08-09T21:15:27+00:00","dateModified":"2026-04-12T06:34:14+00:00","breadcrumb":{"@id":"https:\/\/noirstudios.id.vn\/san-pham\/casa-tshirt\/#breadcrumb"},"inLanguage":"en-US","potentialAction":[{"@type":"ReadAction","target":["https:\/\/noirstudios.id.vn\/san-pham\/casa-tshirt\/"]}]},{"@type":"BreadcrumbList","@id":"https:\/\/noirstudios.id.vn\/san-pham\/casa-tshirt\/#breadcrumb","itemListElement":[{"@type":"ListItem","position":1,"name":"Trang ch\u1ee7","item":"https:\/\/noirstudios.id.vn\/"},{"@type":"ListItem","position":2,"name":"S\u1ea3n ph\u1ea9m","item":"https:\/\/noirstudios.id.vn\/shop\/"},{"@type":"ListItem","position":3,"name":"Casa T-shirt"}]},{"@type":"WebSite","@id":"https:\/\/noirstudios.id.vn\/#website","url":"https:\/\/noirstudios.id.vn\/","name":"Noir Studios","description":"","potentialAction":[{"@type":"SearchAction","target":{"@type":"EntryPoint","urlTemplate":"https:\/\/noirstudios.id.vn\/?s={search_term_string}"},"query-input":{"@type":"PropertyValueSpecification","valueRequired":true,"valueName":"search_term_string"}}],"inLanguage":"en-US"}]}},"_links":{"self":[{"href":"https:\/\/noirstudios.id.vn\/en\/wp-json\/wp\/v2\/product\/224","targetHints":{"allow":["GET"]}}],"collection":[{"href":"https:\/\/noirstudios.id.vn\/en\/wp-json\/wp\/v2\/product"}],"about":[{"href":"https:\/\/noirstudios.id.vn\/en\/wp-json\/wp\/v2\/types\/product"}],"replies":[{"embeddable":true,"href":"https:\/\/noirstudios.id.vn\/en\/wp-json\/wp\/v2\/comments?post=224"}],"wp:attachment":[{"href":"https:\/\/noirstudios.id.vn\/en\/wp-json\/wp\/v2\/media?parent=224"}],"wp:term":[{"taxonomy":"product_brand","embeddable":true,"href":"https:\/\/noirstudios.id.vn\/en\/wp-json\/wp\/v2\/product_brand?post=224"},{"taxonomy":"product_cat","embeddable":true,"href":"https:\/\/noirstudios.id.vn\/en\/wp-json\/wp\/v2\/product_cat?post=224"},{"taxonomy":"product_tag","embeddable":true,"href":"https:\/\/noirstudios.id.vn\/en\/wp-json\/wp\/v2\/product_tag?post=224"}],"curies":[{"name":"wp","href":"https:\/\/api.w.org\/{rel}","templated":true}]}}