{"id":222,"date":"2013-08-09T21:20:26","date_gmt":"2013-08-09T21:20:26","guid":{"rendered":"http:\/\/uxthemes.wpengine.com\/?post_type=product&#038;p=187"},"modified":"2026-04-01T11:51:36","modified_gmt":"2026-04-01T11:51:36","slug":"brooklyn-long-sleeve-sweater","status":"publish","type":"product","link":"https:\/\/noirstudios.id.vn\/en\/product\/brooklyn-long-sleeve-sweater\/","title":{"rendered":"Noir Wide Jeans"},"content":{"rendered":"<p class=\"QN2lPu\">TH\u00d4NG TIN NOIR WIDE JEANS:<\/p>\n<p class=\"QN2lPu\">\u2013 Brand: Noir Studios<\/p>\n<p class=\"QN2lPu\">&#8211; Size: 3 size S M L<\/p>\n<p class=\"QN2lPu\">&#8211; Ch\u1ea5t li\u1ec7u: V\u1ea3i jean wash d\u00e0y d\u1eb7n (350GSM), \u0111\u1ee9ng d\u00e1ng, kh\u00f4ng co gi\u00e3n.<\/p>\n<p class=\"QN2lPu\">&#8211; Color: 3 m\u00e0u \u0111en, xanh n, xanh r\u00eau.<\/p>\n<p class=\"QN2lPu\">&#8211; Model cao 1m78 n\u1eb7ng 73kg m\u1eb7c size M<\/p>\n<p class=\"QN2lPu\">COMMITMENT:<\/p>\n<p class=\"QN2lPu\">&#8211; S\u1ea3n ph\u1ea9m \u0111\u01b0\u1ee3c thi\u1ebft k\u1ebf v\u00e0 s\u1ea3n xu\u1ea5t b\u1edfi Noir Studios<\/p>\n<p class=\"QN2lPu\">&#8211; S\u1ea3n ph\u1ea9m gi\u1ed1ng v\u1edbi m\u00f4 t\u1ea3 v\u00e0 h\u00ecnh \u1ea3nh<\/p>","protected":false},"excerpt":{"rendered":"<p>TH\u00d4NG TIN NOIR WIDE JEANS: &#8211; Th\u01b0\u01a1ng hi\u1ec7u: Noir Studios &#8211; Size: 3 size S M L &#8211; Ch\u1ea5t li\u1ec7u: V\u1ea3i jean wash d\u00e0y d\u1eb7n (350GSM), \u0111\u1ee9ng d\u00e1ng, kh\u00f4ng co gi\u00e3n. &#8211; Color: 3 m\u00e0u \u0111en, xanh n, xanh r\u00eau. &#8211; Model cao 1m78 n\u1eb7ng 73kg m\u1eb7c size M CAM K\u1ebeT: &#8211; S\u1ea3n ph\u1ea9m \u0111\u01b0\u1ee3c [&#8230;]\n","protected":false},"featured_media":0,"comment_status":"open","ping_status":"closed","template":"","meta":[],"product_brand":[],"product_cat":[73,123],"product_tag":[],"class_list":{"0":"post-222","1":"product","2":"type-product","3":"status-publish","5":"product_cat-bottom","6":"product_cat-pants","8":"first","9":"instock","10":"sale","11":"shipping-taxable","12":"purchasable","13":"product-type-variable","14":"add-to-wishlist-before_image"},"yoast_head":"<!-- This site is optimized with the Yoast SEO plugin v27.3 - https:\/\/yoast.com\/product\/yoast-seo-wordpress\/ -->\n<title>Noir Wide Jeans - Noir Studios<\/title>\n<meta name=\"robots\" content=\"noindex, follow, max-snippet:-1, max-image-preview:large, max-video-preview:-1\" \/>\n<meta property=\"og:locale\" content=\"en_US\" \/>\n<meta property=\"og:type\" content=\"article\" \/>\n<meta property=\"og:title\" content=\"Noir Wide Jeans - Noir Studios\" \/>\n<meta property=\"og:description\" content=\"TH\u00d4NG TIN NOIR WIDE JEANS: &#8211; Th\u01b0\u01a1ng hi\u1ec7u: Noir Studios &#8211; Size: 3 size S M L &#8211; Ch\u1ea5t li\u1ec7u: V\u1ea3i jean wash d\u00e0y d\u1eb7n (350GSM), \u0111\u1ee9ng d\u00e1ng, kh\u00f4ng co gi\u00e3n. &#8211; Color: 3 m\u00e0u \u0111en, xanh n, xanh r\u00eau. &#8211; Model cao 1m78 n\u1eb7ng 73kg m\u1eb7c size M CAM K\u1ebeT: &#8211; S\u1ea3n ph\u1ea9m \u0111\u01b0\u1ee3c [...]\" \/>\n<meta property=\"og:url\" content=\"https:\/\/noirstudios.id.vn\/en\/product\/brooklyn-long-sleeve-sweater\/\" \/>\n<meta property=\"og:site_name\" content=\"Noir Studios\" \/>\n<meta property=\"article:modified_time\" content=\"2026-04-01T11:51:36+00:00\" \/>\n<meta property=\"og:image\" content=\"https:\/\/noirstudios.id.vn\/wp-content\/uploads\/2026\/03\/vn-11134207-820l4-mhhj8q3uvrpc95@resize_w900_nl.webp\" \/>\n\t<meta property=\"og:image:width\" content=\"900\" \/>\n\t<meta property=\"og:image:height\" content=\"1199\" \/>\n\t<meta property=\"og:image:type\" content=\"image\/webp\" \/>\n<meta name=\"twitter:card\" content=\"summary_large_image\" \/>\n<script type=\"application\/ld+json\" class=\"yoast-schema-graph\">{\"@context\":\"https:\\\/\\\/schema.org\",\"@graph\":[{\"@type\":\"WebPage\",\"@id\":\"https:\\\/\\\/noirstudios.id.vn\\\/san-pham\\\/brooklyn-long-sleeve-sweater\\\/\",\"url\":\"https:\\\/\\\/noirstudios.id.vn\\\/san-pham\\\/brooklyn-long-sleeve-sweater\\\/\",\"name\":\"Noir Wide Jeans - Noir Studios\",\"isPartOf\":{\"@id\":\"https:\\\/\\\/noirstudios.id.vn\\\/#website\"},\"datePublished\":\"2013-08-09T21:20:26+00:00\",\"dateModified\":\"2026-04-01T11:51:36+00:00\",\"breadcrumb\":{\"@id\":\"https:\\\/\\\/noirstudios.id.vn\\\/san-pham\\\/brooklyn-long-sleeve-sweater\\\/#breadcrumb\"},\"inLanguage\":\"en-US\",\"potentialAction\":[{\"@type\":\"ReadAction\",\"target\":[\"https:\\\/\\\/noirstudios.id.vn\\\/san-pham\\\/brooklyn-long-sleeve-sweater\\\/\"]}]},{\"@type\":\"BreadcrumbList\",\"@id\":\"https:\\\/\\\/noirstudios.id.vn\\\/san-pham\\\/brooklyn-long-sleeve-sweater\\\/#breadcrumb\",\"itemListElement\":[{\"@type\":\"ListItem\",\"position\":1,\"name\":\"Trang ch\u1ee7\",\"item\":\"https:\\\/\\\/noirstudios.id.vn\\\/\"},{\"@type\":\"ListItem\",\"position\":2,\"name\":\"S\u1ea3n ph\u1ea9m\",\"item\":\"https:\\\/\\\/noirstudios.id.vn\\\/shop\\\/\"},{\"@type\":\"ListItem\",\"position\":3,\"name\":\"Noir Wide Jeans\"}]},{\"@type\":\"WebSite\",\"@id\":\"https:\\\/\\\/noirstudios.id.vn\\\/#website\",\"url\":\"https:\\\/\\\/noirstudios.id.vn\\\/\",\"name\":\"Noir Studios\",\"description\":\"\",\"potentialAction\":[{\"@type\":\"SearchAction\",\"target\":{\"@type\":\"EntryPoint\",\"urlTemplate\":\"https:\\\/\\\/noirstudios.id.vn\\\/?s={search_term_string}\"},\"query-input\":{\"@type\":\"PropertyValueSpecification\",\"valueRequired\":true,\"valueName\":\"search_term_string\"}}],\"inLanguage\":\"en-US\"}]}<\/script>\n<!-- \/ Yoast SEO plugin. -->","yoast_head_json":{"title":"Noir Wide Jeans - Noir Studios","robots":{"index":"noindex","follow":"follow","max-snippet":"max-snippet:-1","max-image-preview":"max-image-preview:large","max-video-preview":"max-video-preview:-1"},"og_locale":"en_US","og_type":"article","og_title":"Noir Wide Jeans - Noir Studios","og_description":"TH\u00d4NG TIN NOIR WIDE JEANS: &#8211; Th\u01b0\u01a1ng hi\u1ec7u: Noir Studios &#8211; Size: 3 size S M L &#8211; Ch\u1ea5t li\u1ec7u: V\u1ea3i jean wash d\u00e0y d\u1eb7n (350GSM), \u0111\u1ee9ng d\u00e1ng, kh\u00f4ng co gi\u00e3n. &#8211; Color: 3 m\u00e0u \u0111en, xanh n, xanh r\u00eau. &#8211; Model cao 1m78 n\u1eb7ng 73kg m\u1eb7c size M CAM K\u1ebeT: &#8211; S\u1ea3n ph\u1ea9m \u0111\u01b0\u1ee3c [...]","og_url":"https:\/\/noirstudios.id.vn\/en\/product\/brooklyn-long-sleeve-sweater\/","og_site_name":"Noir Studios","article_modified_time":"2026-04-01T11:51:36+00:00","og_image":[{"width":900,"height":1199,"url":"https:\/\/noirstudios.id.vn\/wp-content\/uploads\/2026\/03\/vn-11134207-820l4-mhhj8q3uvrpc95@resize_w900_nl.webp","type":"image\/webp"}],"twitter_card":"summary_large_image","schema":{"@context":"https:\/\/schema.org","@graph":[{"@type":"WebPage","@id":"https:\/\/noirstudios.id.vn\/san-pham\/brooklyn-long-sleeve-sweater\/","url":"https:\/\/noirstudios.id.vn\/san-pham\/brooklyn-long-sleeve-sweater\/","name":"Noir Wide Jeans - Noir Studios","isPartOf":{"@id":"https:\/\/noirstudios.id.vn\/#website"},"datePublished":"2013-08-09T21:20:26+00:00","dateModified":"2026-04-01T11:51:36+00:00","breadcrumb":{"@id":"https:\/\/noirstudios.id.vn\/san-pham\/brooklyn-long-sleeve-sweater\/#breadcrumb"},"inLanguage":"en-US","potentialAction":[{"@type":"ReadAction","target":["https:\/\/noirstudios.id.vn\/san-pham\/brooklyn-long-sleeve-sweater\/"]}]},{"@type":"BreadcrumbList","@id":"https:\/\/noirstudios.id.vn\/san-pham\/brooklyn-long-sleeve-sweater\/#breadcrumb","itemListElement":[{"@type":"ListItem","position":1,"name":"Trang ch\u1ee7","item":"https:\/\/noirstudios.id.vn\/"},{"@type":"ListItem","position":2,"name":"S\u1ea3n ph\u1ea9m","item":"https:\/\/noirstudios.id.vn\/shop\/"},{"@type":"ListItem","position":3,"name":"Noir Wide Jeans"}]},{"@type":"WebSite","@id":"https:\/\/noirstudios.id.vn\/#website","url":"https:\/\/noirstudios.id.vn\/","name":"Noir Studios","description":"","potentialAction":[{"@type":"SearchAction","target":{"@type":"EntryPoint","urlTemplate":"https:\/\/noirstudios.id.vn\/?s={search_term_string}"},"query-input":{"@type":"PropertyValueSpecification","valueRequired":true,"valueName":"search_term_string"}}],"inLanguage":"en-US"}]}},"_links":{"self":[{"href":"https:\/\/noirstudios.id.vn\/en\/wp-json\/wp\/v2\/product\/222","targetHints":{"allow":["GET"]}}],"collection":[{"href":"https:\/\/noirstudios.id.vn\/en\/wp-json\/wp\/v2\/product"}],"about":[{"href":"https:\/\/noirstudios.id.vn\/en\/wp-json\/wp\/v2\/types\/product"}],"replies":[{"embeddable":true,"href":"https:\/\/noirstudios.id.vn\/en\/wp-json\/wp\/v2\/comments?post=222"}],"wp:attachment":[{"href":"https:\/\/noirstudios.id.vn\/en\/wp-json\/wp\/v2\/media?parent=222"}],"wp:term":[{"taxonomy":"product_brand","embeddable":true,"href":"https:\/\/noirstudios.id.vn\/en\/wp-json\/wp\/v2\/product_brand?post=222"},{"taxonomy":"product_cat","embeddable":true,"href":"https:\/\/noirstudios.id.vn\/en\/wp-json\/wp\/v2\/product_cat?post=222"},{"taxonomy":"product_tag","embeddable":true,"href":"https:\/\/noirstudios.id.vn\/en\/wp-json\/wp\/v2\/product_tag?post=222"}],"curies":[{"name":"wp","href":"https:\/\/api.w.org\/{rel}","templated":true}]}}