{"id":221,"date":"2013-08-09T21:58:02","date_gmt":"2013-08-09T21:58:02","guid":{"rendered":"http:\/\/uxthemes.wpengine.com\/?post_type=product&#038;p=233"},"modified":"2026-04-12T07:45:51","modified_gmt":"2026-04-12T07:45:51","slug":"season-mock-neck","status":"publish","type":"product","link":"https:\/\/noirstudios.id.vn\/en\/product\/season-mock-neck\/","title":{"rendered":"Season Mock-neck"},"content":{"rendered":"<p class=\"QN2lPu\">TH\u00d4NG TIN SEASON MOCK NECK TEE:<\/p>\n<p class=\"QN2lPu\">\u2013 Brand: Noir Studios<\/p>\n<p class=\"QN2lPu\">&#8211; Size: 03 Size S\/M\/L<\/p>\n<p class=\"QN2lPu\">&#8211; Ch\u1ea5t li\u1ec7u: V\u1ea3i thun g\u00e2n \u0111\u1ecbnh l\u01b0\u1ee3ng 350GSM (95% cotton, 5% spandex) c\u1ef1c k\u1ef3 d\u00e0y d\u1eb7n v\u00e0 \u1ea5m \u00e1p, co gi\u00e3n hai chi\u1ec1u tho\u1ea3i m\u00e1i cho m\u1ecdi ho\u1ea1t \u0111\u1ed9ng h\u1eb1ng ng\u00e0y. S\u1ea3n ph\u1ea9m d\u00e0y d\u1eb7n th\u00edch h\u1ee3p cho m\u00f9a thu &#8211; \u0111\u00f4ng.<\/p>\n<p class=\"QN2lPu\">&#8211; Color: \u0110en\/Tr\u1eafng<\/p>\n<p class=\"QN2lPu\">&#8211; Model cao 1m80 n\u1eb7ng 75kg m\u1eb7c size L<\/p>\n<p class=\"QN2lPu\">COMMITMENT:<\/p>\n<p class=\"QN2lPu\">&#8211; S\u1ea3n ph\u1ea9m \u0111\u01b0\u1ee3c thi\u1ebft k\u1ebf v\u00e0 s\u1ea3n xu\u1ea5t b\u1edfi Noir Studios<\/p>\n<p class=\"QN2lPu\">&#8211; S\u1ea3n ph\u1ea9m gi\u1ed1ng v\u1edbi m\u00f4 t\u1ea3 v\u00e0 h\u00ecnh \u1ea3nh<\/p>","protected":false},"excerpt":{"rendered":"<p>\u00c1o c\u1ed5 l\u1ecd Season \u0111\u01b0\u1ee3c l\u00e0m t\u1eeb cotton d\u00e0y 350GSM, mang \u0111\u1ebfn kh\u1ea3 n\u0103ng gi\u1eef \u1ea5m v\u01b0\u1ee3t tr\u1ed9i m\u00e0 v\u1eabn nh\u1eb9 nh\u00e0ng tr\u00ean da. Thi\u1ebft k\u1ebf form d\u00e1ng v\u1eeba v\u1eb7n gi\u00fap t\u00f4n l\u00ean \u0111\u01b0\u1eddng n\u00e9t c\u01a1 th\u1ec3, ph\u00f9 h\u1ee3p v\u1edbi nhi\u1ec1u phong c\u00e1ch t\u1eeb thanh l\u1ecbch \u0111\u1ebfn n\u0103ng \u0111\u1ed9ng. D\u1ec5 d\u00e0ng khi k\u1ebft h\u1ee3p v\u1edbi c\u00e1c items kh\u00e1c c\u1ee7a Noir Studios nh\u01b0 qu\u1ea7n denim Fynn, \u00e1o kho\u00e1c d\u00e1ng crop c\u00f9ng ch\u1ea5t li\u1ec7u ho\u1eb7c \u00e1o kho\u00e1c kaki Origin &#8211; kh\u1ea3 n\u0103ng mix &amp; match linh ho\u1ea1t trong phong c\u00e1ch nh\u01b0ng v\u1eabn lu\u00f4n \u0111\u1ea3m b\u1ea3o kh\u1ea3 n\u0103ng gi\u1eef \u1ea5m c\u01a1 th\u1ec3 trong m\u00f9a \u0111\u00f4ng n\u00e0y.<\/p>","protected":false},"featured_media":0,"comment_status":"open","ping_status":"closed","template":"","meta":[],"product_brand":[],"product_cat":[75,71,143],"product_tag":[53,58,33],"class_list":{"0":"post-221","1":"product","2":"type-product","3":"status-publish","5":"product_cat-shirt","6":"product_cat-top","7":"product_cat-winter-collection","8":"product_tag-green","9":"product_tag-run","10":"product_tag-shoe","12":"first","13":"instock","14":"sale","15":"shipping-taxable","16":"purchasable","17":"product-type-variable","18":"add-to-wishlist-before_image"},"yoast_head":"<!-- This site is optimized with the Yoast SEO plugin v27.3 - https:\/\/yoast.com\/product\/yoast-seo-wordpress\/ -->\n<title>Season Mock-neck - Noir Studios<\/title>\n<meta name=\"robots\" content=\"noindex, follow, max-snippet:-1, max-image-preview:large, max-video-preview:-1\" \/>\n<meta property=\"og:locale\" content=\"en_US\" \/>\n<meta property=\"og:type\" content=\"article\" \/>\n<meta property=\"og:title\" content=\"Season Mock-neck - Noir Studios\" \/>\n<meta property=\"og:description\" content=\"\u00c1o c\u1ed5 l\u1ecd Season \u0111\u01b0\u1ee3c l\u00e0m t\u1eeb cotton d\u00e0y 350GSM, mang \u0111\u1ebfn kh\u1ea3 n\u0103ng gi\u1eef \u1ea5m v\u01b0\u1ee3t tr\u1ed9i m\u00e0 v\u1eabn nh\u1eb9 nh\u00e0ng tr\u00ean da. Thi\u1ebft k\u1ebf form d\u00e1ng v\u1eeba v\u1eb7n gi\u00fap t\u00f4n l\u00ean \u0111\u01b0\u1eddng n\u00e9t c\u01a1 th\u1ec3, ph\u00f9 h\u1ee3p v\u1edbi nhi\u1ec1u phong c\u00e1ch t\u1eeb thanh l\u1ecbch \u0111\u1ebfn n\u0103ng \u0111\u1ed9ng. D\u1ec5 d\u00e0ng khi k\u1ebft h\u1ee3p v\u1edbi c\u00e1c items kh\u00e1c c\u1ee7a Noir Studios nh\u01b0 qu\u1ea7n denim Fynn, \u00e1o kho\u00e1c d\u00e1ng crop c\u00f9ng ch\u1ea5t li\u1ec7u ho\u1eb7c \u00e1o kho\u00e1c kaki Origin - kh\u1ea3 n\u0103ng mix &amp; match linh ho\u1ea1t trong phong c\u00e1ch nh\u01b0ng v\u1eabn lu\u00f4n \u0111\u1ea3m b\u1ea3o kh\u1ea3 n\u0103ng gi\u1eef \u1ea5m c\u01a1 th\u1ec3 trong m\u00f9a \u0111\u00f4ng n\u00e0y.\" \/>\n<meta property=\"og:url\" content=\"https:\/\/noirstudios.id.vn\/en\/product\/season-mock-neck\/\" \/>\n<meta property=\"og:site_name\" content=\"Noir Studios\" \/>\n<meta property=\"article:modified_time\" content=\"2026-04-12T07:45:51+00:00\" \/>\n<meta property=\"og:image\" content=\"https:\/\/noirstudios.id.vn\/wp-content\/uploads\/2026\/03\/ao-thun-co-lo-trang.webp\" \/>\n\t<meta property=\"og:image:width\" content=\"1024\" \/>\n\t<meta property=\"og:image:height\" content=\"1365\" \/>\n\t<meta property=\"og:image:type\" content=\"image\/webp\" \/>\n<meta name=\"twitter:card\" content=\"summary_large_image\" \/>\n<meta name=\"twitter:label1\" content=\"Est. reading time\" \/>\n\t<meta name=\"twitter:data1\" content=\"1 minute\" \/>\n<script type=\"application\/ld+json\" class=\"yoast-schema-graph\">{\"@context\":\"https:\\\/\\\/schema.org\",\"@graph\":[{\"@type\":\"WebPage\",\"@id\":\"https:\\\/\\\/noirstudios.id.vn\\\/san-pham\\\/season-mock-neck\\\/\",\"url\":\"https:\\\/\\\/noirstudios.id.vn\\\/san-pham\\\/season-mock-neck\\\/\",\"name\":\"Season Mock-neck - Noir Studios\",\"isPartOf\":{\"@id\":\"https:\\\/\\\/noirstudios.id.vn\\\/#website\"},\"datePublished\":\"2013-08-09T21:58:02+00:00\",\"dateModified\":\"2026-04-12T07:45:51+00:00\",\"breadcrumb\":{\"@id\":\"https:\\\/\\\/noirstudios.id.vn\\\/san-pham\\\/season-mock-neck\\\/#breadcrumb\"},\"inLanguage\":\"en-US\",\"potentialAction\":[{\"@type\":\"ReadAction\",\"target\":[\"https:\\\/\\\/noirstudios.id.vn\\\/san-pham\\\/season-mock-neck\\\/\"]}]},{\"@type\":\"BreadcrumbList\",\"@id\":\"https:\\\/\\\/noirstudios.id.vn\\\/san-pham\\\/season-mock-neck\\\/#breadcrumb\",\"itemListElement\":[{\"@type\":\"ListItem\",\"position\":1,\"name\":\"Trang ch\u1ee7\",\"item\":\"https:\\\/\\\/noirstudios.id.vn\\\/\"},{\"@type\":\"ListItem\",\"position\":2,\"name\":\"S\u1ea3n ph\u1ea9m\",\"item\":\"https:\\\/\\\/noirstudios.id.vn\\\/shop\\\/\"},{\"@type\":\"ListItem\",\"position\":3,\"name\":\"Season Mock-neck\"}]},{\"@type\":\"WebSite\",\"@id\":\"https:\\\/\\\/noirstudios.id.vn\\\/#website\",\"url\":\"https:\\\/\\\/noirstudios.id.vn\\\/\",\"name\":\"Noir Studios\",\"description\":\"\",\"potentialAction\":[{\"@type\":\"SearchAction\",\"target\":{\"@type\":\"EntryPoint\",\"urlTemplate\":\"https:\\\/\\\/noirstudios.id.vn\\\/?s={search_term_string}\"},\"query-input\":{\"@type\":\"PropertyValueSpecification\",\"valueRequired\":true,\"valueName\":\"search_term_string\"}}],\"inLanguage\":\"en-US\"}]}<\/script>\n<!-- \/ Yoast SEO plugin. -->","yoast_head_json":{"title":"Season Mock-neck - Noir Studios","robots":{"index":"noindex","follow":"follow","max-snippet":"max-snippet:-1","max-image-preview":"max-image-preview:large","max-video-preview":"max-video-preview:-1"},"og_locale":"en_US","og_type":"article","og_title":"Season Mock-neck - Noir Studios","og_description":"\u00c1o c\u1ed5 l\u1ecd Season \u0111\u01b0\u1ee3c l\u00e0m t\u1eeb cotton d\u00e0y 350GSM, mang \u0111\u1ebfn kh\u1ea3 n\u0103ng gi\u1eef \u1ea5m v\u01b0\u1ee3t tr\u1ed9i m\u00e0 v\u1eabn nh\u1eb9 nh\u00e0ng tr\u00ean da. Thi\u1ebft k\u1ebf form d\u00e1ng v\u1eeba v\u1eb7n gi\u00fap t\u00f4n l\u00ean \u0111\u01b0\u1eddng n\u00e9t c\u01a1 th\u1ec3, ph\u00f9 h\u1ee3p v\u1edbi nhi\u1ec1u phong c\u00e1ch t\u1eeb thanh l\u1ecbch \u0111\u1ebfn n\u0103ng \u0111\u1ed9ng. D\u1ec5 d\u00e0ng khi k\u1ebft h\u1ee3p v\u1edbi c\u00e1c items kh\u00e1c c\u1ee7a Noir Studios nh\u01b0 qu\u1ea7n denim Fynn, \u00e1o kho\u00e1c d\u00e1ng crop c\u00f9ng ch\u1ea5t li\u1ec7u ho\u1eb7c \u00e1o kho\u00e1c kaki Origin - kh\u1ea3 n\u0103ng mix &amp; match linh ho\u1ea1t trong phong c\u00e1ch nh\u01b0ng v\u1eabn lu\u00f4n \u0111\u1ea3m b\u1ea3o kh\u1ea3 n\u0103ng gi\u1eef \u1ea5m c\u01a1 th\u1ec3 trong m\u00f9a \u0111\u00f4ng n\u00e0y.","og_url":"https:\/\/noirstudios.id.vn\/en\/product\/season-mock-neck\/","og_site_name":"Noir Studios","article_modified_time":"2026-04-12T07:45:51+00:00","og_image":[{"width":1024,"height":1365,"url":"https:\/\/noirstudios.id.vn\/wp-content\/uploads\/2026\/03\/ao-thun-co-lo-trang.webp","type":"image\/webp"}],"twitter_card":"summary_large_image","twitter_misc":{"Est. reading time":"1 minute"},"schema":{"@context":"https:\/\/schema.org","@graph":[{"@type":"WebPage","@id":"https:\/\/noirstudios.id.vn\/san-pham\/season-mock-neck\/","url":"https:\/\/noirstudios.id.vn\/san-pham\/season-mock-neck\/","name":"Season Mock-neck - Noir Studios","isPartOf":{"@id":"https:\/\/noirstudios.id.vn\/#website"},"datePublished":"2013-08-09T21:58:02+00:00","dateModified":"2026-04-12T07:45:51+00:00","breadcrumb":{"@id":"https:\/\/noirstudios.id.vn\/san-pham\/season-mock-neck\/#breadcrumb"},"inLanguage":"en-US","potentialAction":[{"@type":"ReadAction","target":["https:\/\/noirstudios.id.vn\/san-pham\/season-mock-neck\/"]}]},{"@type":"BreadcrumbList","@id":"https:\/\/noirstudios.id.vn\/san-pham\/season-mock-neck\/#breadcrumb","itemListElement":[{"@type":"ListItem","position":1,"name":"Trang ch\u1ee7","item":"https:\/\/noirstudios.id.vn\/"},{"@type":"ListItem","position":2,"name":"S\u1ea3n ph\u1ea9m","item":"https:\/\/noirstudios.id.vn\/shop\/"},{"@type":"ListItem","position":3,"name":"Season Mock-neck"}]},{"@type":"WebSite","@id":"https:\/\/noirstudios.id.vn\/#website","url":"https:\/\/noirstudios.id.vn\/","name":"Noir Studios","description":"","potentialAction":[{"@type":"SearchAction","target":{"@type":"EntryPoint","urlTemplate":"https:\/\/noirstudios.id.vn\/?s={search_term_string}"},"query-input":{"@type":"PropertyValueSpecification","valueRequired":true,"valueName":"search_term_string"}}],"inLanguage":"en-US"}]}},"_links":{"self":[{"href":"https:\/\/noirstudios.id.vn\/en\/wp-json\/wp\/v2\/product\/221","targetHints":{"allow":["GET"]}}],"collection":[{"href":"https:\/\/noirstudios.id.vn\/en\/wp-json\/wp\/v2\/product"}],"about":[{"href":"https:\/\/noirstudios.id.vn\/en\/wp-json\/wp\/v2\/types\/product"}],"replies":[{"embeddable":true,"href":"https:\/\/noirstudios.id.vn\/en\/wp-json\/wp\/v2\/comments?post=221"}],"wp:attachment":[{"href":"https:\/\/noirstudios.id.vn\/en\/wp-json\/wp\/v2\/media?parent=221"}],"wp:term":[{"taxonomy":"product_brand","embeddable":true,"href":"https:\/\/noirstudios.id.vn\/en\/wp-json\/wp\/v2\/product_brand?post=221"},{"taxonomy":"product_cat","embeddable":true,"href":"https:\/\/noirstudios.id.vn\/en\/wp-json\/wp\/v2\/product_cat?post=221"},{"taxonomy":"product_tag","embeddable":true,"href":"https:\/\/noirstudios.id.vn\/en\/wp-json\/wp\/v2\/product_tag?post=221"}],"curies":[{"name":"wp","href":"https:\/\/api.w.org\/{rel}","templated":true}]}}