{"id":220,"date":"2013-08-09T22:13:25","date_gmt":"2013-08-09T22:13:25","guid":{"rendered":"http:\/\/uxthemes.wpengine.com\/?post_type=product&#038;p=250"},"modified":"2026-03-15T08:12:25","modified_gmt":"2026-03-15T08:12:25","slug":"ringer-striped-shirt","status":"publish","type":"product","link":"https:\/\/noirstudios.id.vn\/en\/product\/ringer-striped-shirt\/","title":{"rendered":"Ringer Striped Shirt"},"content":{"rendered":"<p class=\"QN2lPu\">RINGER STRIPED SHIRT<\/p>\n<p class=\"QN2lPu\">V\u1ea3i thun cotton cao c\u1ea5p, m\u1ec1m m\u1ea1i, \u0111\u1ecbnh l\u01b0\u1ee3ng 210GSM<\/p>\n<p class=\"QN2lPu\">Thi\u1ebft k\u1ebf c\u00f3 03 m\u00e0u<\/p>\n<p class=\"QN2lPu\">Th\u00f4ng Tin S\u1ea3n Ph\u1ea9m \ud83d\udcdd<\/p>\n<p class=\"QN2lPu\">&#8211; Th\u01b0\u01a1ng hi\u1ec7u:\u00a0Noir Studios<\/p>\n<p class=\"QN2lPu\">&#8211; K\u00edch th\u01b0\u1edbc: 3 size S, M, L<\/p>\n<p class=\"QN2lPu\">&#8211; Ch\u1ea5t li\u1ec7u:\u00a0V\u1ea3i thun cotton 100%, m\u1ec1m m\u1ea1i, \u0111\u1ecbnh l\u01b0\u1ee3ng 210GSM<\/p>\n<p class=\"QN2lPu\">&#8211; M\u00e0u s\u1eafc:\u00a0S\u1ecdc k\u1ebb<\/p>\n<p class=\"QN2lPu\">Cam K\u1ebft \ud83c\udf1f<\/p>\n<p class=\"QN2lPu\">&#8211; S\u1ea3n ph\u1ea9m \u0111\u01b0\u1ee3c thi\u1ebft k\u1ebf v\u00e0 s\u1ea3n xu\u1ea5t b\u1edfi Noir Studios.<\/p>\n<p class=\"QN2lPu\">&#8211; S\u1ea3n ph\u1ea9m gi\u1ed1ng v\u1edbi m\u00f4 t\u1ea3 v\u00e0 h\u00ecnh \u1ea3nh.<\/p>\n<p class=\"QN2lPu\">\u0110\u1eb7c \u0110i\u1ec3m S\u1ea3n Ph\u1ea9m \ud83d\udccb<\/p>\n<p class=\"QN2lPu\">&#8211; \u00c1o thun d\u00e0i tay c\u1ed5 thuy\u1ec1n nam n\u1eef.<\/p>\n<p class=\"QN2lPu\">&#8211; Form r\u1ed9ng, tho\u1ea3i m\u00e1i.<\/p>\n<p class=\"QN2lPu\">&#8211; Ch\u1ea5t li\u1ec7u cotton 100%, m\u1ec1m m\u1ea1i v\u00e0 tho\u00e1ng kh\u00ed.<\/p>\n<p class=\"QN2lPu\">H\u00ecnh \u1ea2nh \ud83d\udcf8<\/p>\n<p class=\"QN2lPu\">&#8211; H\u00ecnh \u1ea3nh m\u00f4 t\u1ea3 ch\u00ednh x\u00e1c s\u1ea3n ph\u1ea9m nh\u01b0 m\u00f4 t\u1ea3.<\/p>","protected":false},"excerpt":{"rendered":"<p>RINGER STRIPED SHIRT V\u1ea3i thun cotton cao c\u1ea5p, m\u1ec1m m\u1ea1i, \u0111\u1ecbnh l\u01b0\u1ee3ng 210GSM Thi\u1ebft k\u1ebf c\u00f3 03 m\u00e0u Th\u00f4ng Tin S\u1ea3n Ph\u1ea9m \ud83d\udcdd &#8211; Th\u01b0\u01a1ng hi\u1ec7u:\u00a0Noir Studios &#8211; K\u00edch th\u01b0\u1edbc: 3 size S, M, L &#8211; Ch\u1ea5t li\u1ec7u:\u00a0V\u1ea3i thun cotton 100%, m\u1ec1m m\u1ea1i, \u0111\u1ecbnh l\u01b0\u1ee3ng 210GSM &#8211; M\u00e0u s\u1eafc:\u00a0S\u1ecdc k\u1ebb Cam K\u1ebft \ud83c\udf1f &#8211; S\u1ea3n [&#8230;]\n","protected":false},"featured_media":0,"comment_status":"open","ping_status":"closed","template":"","meta":[],"product_brand":[],"product_cat":[78,71],"product_tag":[105,81,101],"class_list":{"0":"post-220","1":"product","2":"type-product","3":"status-publish","5":"product_cat-stripedshirt","6":"product_cat-top","7":"product_tag-basic","8":"product_tag-fashion","9":"product_tag-shirt","11":"first","12":"instock","13":"shipping-taxable","14":"purchasable","15":"product-type-variable","16":"add-to-wishlist-before_image"},"yoast_head":"<!-- This site is optimized with the Yoast SEO plugin v27.3 - https:\/\/yoast.com\/product\/yoast-seo-wordpress\/ -->\n<title>Ringer Striped Shirt - Noir Studios<\/title>\n<meta name=\"robots\" content=\"noindex, follow, max-snippet:-1, max-image-preview:large, max-video-preview:-1\" \/>\n<meta property=\"og:locale\" content=\"en_US\" \/>\n<meta property=\"og:type\" content=\"article\" \/>\n<meta property=\"og:title\" content=\"Ringer Striped Shirt - Noir Studios\" \/>\n<meta property=\"og:description\" content=\"RINGER STRIPED SHIRT V\u1ea3i thun cotton cao c\u1ea5p, m\u1ec1m m\u1ea1i, \u0111\u1ecbnh l\u01b0\u1ee3ng 210GSM Thi\u1ebft k\u1ebf c\u00f3 03 m\u00e0u Th\u00f4ng Tin S\u1ea3n Ph\u1ea9m \ud83d\udcdd &#8211; Th\u01b0\u01a1ng hi\u1ec7u:\u00a0Noir Studios &#8211; K\u00edch th\u01b0\u1edbc: 3 size S, M, L &#8211; Ch\u1ea5t li\u1ec7u:\u00a0V\u1ea3i thun cotton 100%, m\u1ec1m m\u1ea1i, \u0111\u1ecbnh l\u01b0\u1ee3ng 210GSM &#8211; M\u00e0u s\u1eafc:\u00a0S\u1ecdc k\u1ebb Cam K\u1ebft \ud83c\udf1f &#8211; S\u1ea3n [...]\" \/>\n<meta property=\"og:url\" content=\"https:\/\/noirstudios.id.vn\/en\/product\/ringer-striped-shirt\/\" \/>\n<meta property=\"og:site_name\" content=\"Noir Studios\" \/>\n<meta property=\"article:modified_time\" content=\"2026-03-15T08:12:25+00:00\" \/>\n<meta property=\"og:image\" content=\"https:\/\/noirstudios.id.vn\/wp-content\/uploads\/2013\/08\/Ke-xanh-reu-lon.webp\" \/>\n\t<meta property=\"og:image:width\" content=\"374\" \/>\n\t<meta property=\"og:image:height\" content=\"374\" \/>\n\t<meta property=\"og:image:type\" content=\"image\/webp\" \/>\n<meta name=\"twitter:card\" content=\"summary_large_image\" \/>\n<meta name=\"twitter:label1\" content=\"Est. reading time\" \/>\n\t<meta name=\"twitter:data1\" content=\"1 minute\" \/>\n<script type=\"application\/ld+json\" class=\"yoast-schema-graph\">{\"@context\":\"https:\\\/\\\/schema.org\",\"@graph\":[{\"@type\":\"WebPage\",\"@id\":\"https:\\\/\\\/noirstudios.id.vn\\\/san-pham\\\/ringer-striped-shirt\\\/\",\"url\":\"https:\\\/\\\/noirstudios.id.vn\\\/san-pham\\\/ringer-striped-shirt\\\/\",\"name\":\"Ringer Striped Shirt - Noir Studios\",\"isPartOf\":{\"@id\":\"https:\\\/\\\/noirstudios.id.vn\\\/#website\"},\"datePublished\":\"2013-08-09T22:13:25+00:00\",\"dateModified\":\"2026-03-15T08:12:25+00:00\",\"breadcrumb\":{\"@id\":\"https:\\\/\\\/noirstudios.id.vn\\\/san-pham\\\/ringer-striped-shirt\\\/#breadcrumb\"},\"inLanguage\":\"en-US\",\"potentialAction\":[{\"@type\":\"ReadAction\",\"target\":[\"https:\\\/\\\/noirstudios.id.vn\\\/san-pham\\\/ringer-striped-shirt\\\/\"]}]},{\"@type\":\"BreadcrumbList\",\"@id\":\"https:\\\/\\\/noirstudios.id.vn\\\/san-pham\\\/ringer-striped-shirt\\\/#breadcrumb\",\"itemListElement\":[{\"@type\":\"ListItem\",\"position\":1,\"name\":\"Trang ch\u1ee7\",\"item\":\"https:\\\/\\\/noirstudios.id.vn\\\/\"},{\"@type\":\"ListItem\",\"position\":2,\"name\":\"S\u1ea3n ph\u1ea9m\",\"item\":\"https:\\\/\\\/noirstudios.id.vn\\\/shop\\\/\"},{\"@type\":\"ListItem\",\"position\":3,\"name\":\"Ringer Striped Shirt\"}]},{\"@type\":\"WebSite\",\"@id\":\"https:\\\/\\\/noirstudios.id.vn\\\/#website\",\"url\":\"https:\\\/\\\/noirstudios.id.vn\\\/\",\"name\":\"Noir Studios\",\"description\":\"\",\"potentialAction\":[{\"@type\":\"SearchAction\",\"target\":{\"@type\":\"EntryPoint\",\"urlTemplate\":\"https:\\\/\\\/noirstudios.id.vn\\\/?s={search_term_string}\"},\"query-input\":{\"@type\":\"PropertyValueSpecification\",\"valueRequired\":true,\"valueName\":\"search_term_string\"}}],\"inLanguage\":\"en-US\"}]}<\/script>\n<!-- \/ Yoast SEO plugin. -->","yoast_head_json":{"title":"Ringer Striped Shirt - Noir Studios","robots":{"index":"noindex","follow":"follow","max-snippet":"max-snippet:-1","max-image-preview":"max-image-preview:large","max-video-preview":"max-video-preview:-1"},"og_locale":"en_US","og_type":"article","og_title":"Ringer Striped Shirt - Noir Studios","og_description":"RINGER STRIPED SHIRT V\u1ea3i thun cotton cao c\u1ea5p, m\u1ec1m m\u1ea1i, \u0111\u1ecbnh l\u01b0\u1ee3ng 210GSM Thi\u1ebft k\u1ebf c\u00f3 03 m\u00e0u Th\u00f4ng Tin S\u1ea3n Ph\u1ea9m \ud83d\udcdd &#8211; Th\u01b0\u01a1ng hi\u1ec7u:\u00a0Noir Studios &#8211; K\u00edch th\u01b0\u1edbc: 3 size S, M, L &#8211; Ch\u1ea5t li\u1ec7u:\u00a0V\u1ea3i thun cotton 100%, m\u1ec1m m\u1ea1i, \u0111\u1ecbnh l\u01b0\u1ee3ng 210GSM &#8211; M\u00e0u s\u1eafc:\u00a0S\u1ecdc k\u1ebb Cam K\u1ebft \ud83c\udf1f &#8211; S\u1ea3n [...]","og_url":"https:\/\/noirstudios.id.vn\/en\/product\/ringer-striped-shirt\/","og_site_name":"Noir Studios","article_modified_time":"2026-03-15T08:12:25+00:00","og_image":[{"width":374,"height":374,"url":"https:\/\/noirstudios.id.vn\/wp-content\/uploads\/2013\/08\/Ke-xanh-reu-lon.webp","type":"image\/webp"}],"twitter_card":"summary_large_image","twitter_misc":{"Est. reading time":"1 minute"},"schema":{"@context":"https:\/\/schema.org","@graph":[{"@type":"WebPage","@id":"https:\/\/noirstudios.id.vn\/san-pham\/ringer-striped-shirt\/","url":"https:\/\/noirstudios.id.vn\/san-pham\/ringer-striped-shirt\/","name":"Ringer Striped Shirt - Noir Studios","isPartOf":{"@id":"https:\/\/noirstudios.id.vn\/#website"},"datePublished":"2013-08-09T22:13:25+00:00","dateModified":"2026-03-15T08:12:25+00:00","breadcrumb":{"@id":"https:\/\/noirstudios.id.vn\/san-pham\/ringer-striped-shirt\/#breadcrumb"},"inLanguage":"en-US","potentialAction":[{"@type":"ReadAction","target":["https:\/\/noirstudios.id.vn\/san-pham\/ringer-striped-shirt\/"]}]},{"@type":"BreadcrumbList","@id":"https:\/\/noirstudios.id.vn\/san-pham\/ringer-striped-shirt\/#breadcrumb","itemListElement":[{"@type":"ListItem","position":1,"name":"Trang ch\u1ee7","item":"https:\/\/noirstudios.id.vn\/"},{"@type":"ListItem","position":2,"name":"S\u1ea3n ph\u1ea9m","item":"https:\/\/noirstudios.id.vn\/shop\/"},{"@type":"ListItem","position":3,"name":"Ringer Striped Shirt"}]},{"@type":"WebSite","@id":"https:\/\/noirstudios.id.vn\/#website","url":"https:\/\/noirstudios.id.vn\/","name":"Noir Studios","description":"","potentialAction":[{"@type":"SearchAction","target":{"@type":"EntryPoint","urlTemplate":"https:\/\/noirstudios.id.vn\/?s={search_term_string}"},"query-input":{"@type":"PropertyValueSpecification","valueRequired":true,"valueName":"search_term_string"}}],"inLanguage":"en-US"}]}},"_links":{"self":[{"href":"https:\/\/noirstudios.id.vn\/en\/wp-json\/wp\/v2\/product\/220","targetHints":{"allow":["GET"]}}],"collection":[{"href":"https:\/\/noirstudios.id.vn\/en\/wp-json\/wp\/v2\/product"}],"about":[{"href":"https:\/\/noirstudios.id.vn\/en\/wp-json\/wp\/v2\/types\/product"}],"replies":[{"embeddable":true,"href":"https:\/\/noirstudios.id.vn\/en\/wp-json\/wp\/v2\/comments?post=220"}],"wp:attachment":[{"href":"https:\/\/noirstudios.id.vn\/en\/wp-json\/wp\/v2\/media?parent=220"}],"wp:term":[{"taxonomy":"product_brand","embeddable":true,"href":"https:\/\/noirstudios.id.vn\/en\/wp-json\/wp\/v2\/product_brand?post=220"},{"taxonomy":"product_cat","embeddable":true,"href":"https:\/\/noirstudios.id.vn\/en\/wp-json\/wp\/v2\/product_cat?post=220"},{"taxonomy":"product_tag","embeddable":true,"href":"https:\/\/noirstudios.id.vn\/en\/wp-json\/wp\/v2\/product_tag?post=220"}],"curies":[{"name":"wp","href":"https:\/\/api.w.org\/{rel}","templated":true}]}}