{"id":217,"date":"2013-08-09T22:28:47","date_gmt":"2013-08-09T22:28:47","guid":{"rendered":"http:\/\/uxthemes.wpengine.com\/?post_type=product&#038;p=283"},"modified":"2026-04-12T08:34:52","modified_gmt":"2026-04-12T08:34:52","slug":"arizona-racer-ox-converse","status":"publish","type":"product","link":"https:\/\/noirstudios.id.vn\/en\/product\/arizona-racer-ox-converse\/","title":{"rendered":"Origin Khaki Jacket"},"content":{"rendered":"","protected":false},"excerpt":{"rendered":"<p>\u2022 Ch\u1ea5t li\u1ec7u: Kaki d\u00e0y d\u1eb7n, \u0111\u1ee9ng form, co gi\u00e3n nh\u1eb9; kh\u00f3a k\u00e9o YKK cao c\u1ea5p<br data-start=\"125\" data-end=\"128\" \/>\u2022 Form: G\u1ecdn g\u00e0ng, c\u1ee9ng c\u00e1p, d\u1ec5 m\u1eb7c<br data-start=\"162\" data-end=\"165\" data-is-only-node=\"\" \/>\u2022 Phong c\u00e1ch: T\u1ed1i gi\u1ea3n, hi\u1ec7n \u0111\u1ea1i, mang h\u01a1i h\u01b0\u1edbng utility<br data-start=\"221\" data-end=\"224\" \/>\u2022 \u1ee8ng d\u1ee5ng: Ph\u00f9 h\u1ee3p \u0111i l\u00e0m, \u0111i ch\u01a1i ho\u1eb7c ph\u1ed1i layering h\u1eb1ng ng\u00e0y<br \/>\n<a class=\"image-lightbox\" href=\"http:\/\/noirstudios.id.vn\/wp-content\/uploads\/2026\/04\/1-2.png\"><br \/>\n\ud83d\udccf Xem h\u01b0\u1edbng d\u1eabn \u0111o size<br \/>\n<\/a><\/p>","protected":false},"featured_media":0,"comment_status":"open","ping_status":"closed","template":"","meta":[],"product_brand":[],"product_cat":[77,71,143],"product_tag":[81,79,82,83],"class_list":{"0":"post-217","1":"product","2":"type-product","3":"status-publish","5":"product_cat-jacket","6":"product_cat-top","7":"product_cat-winter-collection","8":"product_tag-fashion","9":"product_tag-jacket","10":"product_tag-kaki","11":"product_tag-top","13":"first","14":"instock","15":"sale","16":"shipping-taxable","17":"purchasable","18":"product-type-variable","19":"add-to-wishlist-before_image"},"yoast_head":"<!-- This site is optimized with the Yoast SEO plugin v27.3 - https:\/\/yoast.com\/product\/yoast-seo-wordpress\/ -->\n<title>Origin Kaki Jacket - Noir Studios<\/title>\n<meta name=\"robots\" content=\"noindex, follow, max-snippet:-1, max-image-preview:large, max-video-preview:-1\" \/>\n<meta property=\"og:locale\" content=\"en_US\" \/>\n<meta property=\"og:type\" content=\"article\" \/>\n<meta property=\"og:title\" content=\"Origin Kaki Jacket - Noir Studios\" \/>\n<meta property=\"og:description\" content=\"\u2022 Ch\u1ea5t li\u1ec7u: Kaki d\u00e0y d\u1eb7n, \u0111\u1ee9ng form, co gi\u00e3n nh\u1eb9; kh\u00f3a k\u00e9o YKK cao c\u1ea5p\u2022 Form: G\u1ecdn g\u00e0ng, c\u1ee9ng c\u00e1p, d\u1ec5 m\u1eb7c\u2022 Phong c\u00e1ch: T\u1ed1i gi\u1ea3n, hi\u1ec7n \u0111\u1ea1i, mang h\u01a1i h\u01b0\u1edbng utility\u2022 \u1ee8ng d\u1ee5ng: Ph\u00f9 h\u1ee3p \u0111i l\u00e0m, \u0111i ch\u01a1i ho\u1eb7c ph\u1ed1i layering h\u1eb1ng ng\u00e0y  \ud83d\udccf Xem h\u01b0\u1edbng d\u1eabn \u0111o size\" \/>\n<meta property=\"og:url\" content=\"https:\/\/noirstudios.id.vn\/en\/product\/arizona-racer-ox-converse\/\" \/>\n<meta property=\"og:site_name\" content=\"Noir Studios\" \/>\n<meta property=\"article:modified_time\" content=\"2026-04-12T08:34:52+00:00\" \/>\n<meta property=\"og:image\" content=\"http:\/\/noirstudios.id.vn\/wp-content\/uploads\/2013\/08\/origin-jacket-be.webp\" \/>\n\t<meta property=\"og:image:width\" content=\"1024\" \/>\n\t<meta property=\"og:image:height\" content=\"1365\" \/>\n\t<meta property=\"og:image:type\" content=\"image\/webp\" \/>\n<meta name=\"twitter:card\" content=\"summary_large_image\" \/>\n<meta name=\"twitter:label1\" content=\"Est. reading time\" \/>\n\t<meta name=\"twitter:data1\" content=\"1 minute\" \/>\n<script type=\"application\/ld+json\" class=\"yoast-schema-graph\">{\"@context\":\"https:\\\/\\\/schema.org\",\"@graph\":[{\"@type\":\"WebPage\",\"@id\":\"https:\\\/\\\/noirstudios.id.vn\\\/san-pham\\\/arizona-racer-ox-converse\\\/\",\"url\":\"https:\\\/\\\/noirstudios.id.vn\\\/san-pham\\\/arizona-racer-ox-converse\\\/\",\"name\":\"Origin Kaki Jacket - Noir Studios\",\"isPartOf\":{\"@id\":\"https:\\\/\\\/noirstudios.id.vn\\\/#website\"},\"datePublished\":\"2013-08-09T22:28:47+00:00\",\"dateModified\":\"2026-04-12T08:34:52+00:00\",\"breadcrumb\":{\"@id\":\"https:\\\/\\\/noirstudios.id.vn\\\/san-pham\\\/arizona-racer-ox-converse\\\/#breadcrumb\"},\"inLanguage\":\"en-US\",\"potentialAction\":[{\"@type\":\"ReadAction\",\"target\":[\"https:\\\/\\\/noirstudios.id.vn\\\/san-pham\\\/arizona-racer-ox-converse\\\/\"]}]},{\"@type\":\"BreadcrumbList\",\"@id\":\"https:\\\/\\\/noirstudios.id.vn\\\/san-pham\\\/arizona-racer-ox-converse\\\/#breadcrumb\",\"itemListElement\":[{\"@type\":\"ListItem\",\"position\":1,\"name\":\"Trang ch\u1ee7\",\"item\":\"https:\\\/\\\/noirstudios.id.vn\\\/\"},{\"@type\":\"ListItem\",\"position\":2,\"name\":\"S\u1ea3n ph\u1ea9m\",\"item\":\"https:\\\/\\\/noirstudios.id.vn\\\/shop\\\/\"},{\"@type\":\"ListItem\",\"position\":3,\"name\":\"Origin Kaki Jacket\"}]},{\"@type\":\"WebSite\",\"@id\":\"https:\\\/\\\/noirstudios.id.vn\\\/#website\",\"url\":\"https:\\\/\\\/noirstudios.id.vn\\\/\",\"name\":\"Noir Studios\",\"description\":\"\",\"potentialAction\":[{\"@type\":\"SearchAction\",\"target\":{\"@type\":\"EntryPoint\",\"urlTemplate\":\"https:\\\/\\\/noirstudios.id.vn\\\/?s={search_term_string}\"},\"query-input\":{\"@type\":\"PropertyValueSpecification\",\"valueRequired\":true,\"valueName\":\"search_term_string\"}}],\"inLanguage\":\"en-US\"}]}<\/script>\n<!-- \/ Yoast SEO plugin. -->","yoast_head_json":{"title":"Origin Kaki Jacket - Noir Studios","robots":{"index":"noindex","follow":"follow","max-snippet":"max-snippet:-1","max-image-preview":"max-image-preview:large","max-video-preview":"max-video-preview:-1"},"og_locale":"en_US","og_type":"article","og_title":"Origin Kaki Jacket - Noir Studios","og_description":"\u2022 Ch\u1ea5t li\u1ec7u: Kaki d\u00e0y d\u1eb7n, \u0111\u1ee9ng form, co gi\u00e3n nh\u1eb9; kh\u00f3a k\u00e9o YKK cao c\u1ea5p\u2022 Form: G\u1ecdn g\u00e0ng, c\u1ee9ng c\u00e1p, d\u1ec5 m\u1eb7c\u2022 Phong c\u00e1ch: T\u1ed1i gi\u1ea3n, hi\u1ec7n \u0111\u1ea1i, mang h\u01a1i h\u01b0\u1edbng utility\u2022 \u1ee8ng d\u1ee5ng: Ph\u00f9 h\u1ee3p \u0111i l\u00e0m, \u0111i ch\u01a1i ho\u1eb7c ph\u1ed1i layering h\u1eb1ng ng\u00e0y  \ud83d\udccf Xem h\u01b0\u1edbng d\u1eabn \u0111o size","og_url":"https:\/\/noirstudios.id.vn\/en\/product\/arizona-racer-ox-converse\/","og_site_name":"Noir Studios","article_modified_time":"2026-04-12T08:34:52+00:00","og_image":[{"width":1024,"height":1365,"url":"http:\/\/noirstudios.id.vn\/wp-content\/uploads\/2013\/08\/origin-jacket-be.webp","type":"image\/webp"}],"twitter_card":"summary_large_image","twitter_misc":{"Est. reading time":"1 minute"},"schema":{"@context":"https:\/\/schema.org","@graph":[{"@type":"WebPage","@id":"https:\/\/noirstudios.id.vn\/san-pham\/arizona-racer-ox-converse\/","url":"https:\/\/noirstudios.id.vn\/san-pham\/arizona-racer-ox-converse\/","name":"Origin Kaki Jacket - Noir Studios","isPartOf":{"@id":"https:\/\/noirstudios.id.vn\/#website"},"datePublished":"2013-08-09T22:28:47+00:00","dateModified":"2026-04-12T08:34:52+00:00","breadcrumb":{"@id":"https:\/\/noirstudios.id.vn\/san-pham\/arizona-racer-ox-converse\/#breadcrumb"},"inLanguage":"en-US","potentialAction":[{"@type":"ReadAction","target":["https:\/\/noirstudios.id.vn\/san-pham\/arizona-racer-ox-converse\/"]}]},{"@type":"BreadcrumbList","@id":"https:\/\/noirstudios.id.vn\/san-pham\/arizona-racer-ox-converse\/#breadcrumb","itemListElement":[{"@type":"ListItem","position":1,"name":"Trang ch\u1ee7","item":"https:\/\/noirstudios.id.vn\/"},{"@type":"ListItem","position":2,"name":"S\u1ea3n ph\u1ea9m","item":"https:\/\/noirstudios.id.vn\/shop\/"},{"@type":"ListItem","position":3,"name":"Origin Kaki Jacket"}]},{"@type":"WebSite","@id":"https:\/\/noirstudios.id.vn\/#website","url":"https:\/\/noirstudios.id.vn\/","name":"Noir Studios","description":"","potentialAction":[{"@type":"SearchAction","target":{"@type":"EntryPoint","urlTemplate":"https:\/\/noirstudios.id.vn\/?s={search_term_string}"},"query-input":{"@type":"PropertyValueSpecification","valueRequired":true,"valueName":"search_term_string"}}],"inLanguage":"en-US"}]}},"_links":{"self":[{"href":"https:\/\/noirstudios.id.vn\/en\/wp-json\/wp\/v2\/product\/217","targetHints":{"allow":["GET"]}}],"collection":[{"href":"https:\/\/noirstudios.id.vn\/en\/wp-json\/wp\/v2\/product"}],"about":[{"href":"https:\/\/noirstudios.id.vn\/en\/wp-json\/wp\/v2\/types\/product"}],"replies":[{"embeddable":true,"href":"https:\/\/noirstudios.id.vn\/en\/wp-json\/wp\/v2\/comments?post=217"}],"wp:attachment":[{"href":"https:\/\/noirstudios.id.vn\/en\/wp-json\/wp\/v2\/media?parent=217"}],"wp:term":[{"taxonomy":"product_brand","embeddable":true,"href":"https:\/\/noirstudios.id.vn\/en\/wp-json\/wp\/v2\/product_brand?post=217"},{"taxonomy":"product_cat","embeddable":true,"href":"https:\/\/noirstudios.id.vn\/en\/wp-json\/wp\/v2\/product_cat?post=217"},{"taxonomy":"product_tag","embeddable":true,"href":"https:\/\/noirstudios.id.vn\/en\/wp-json\/wp\/v2\/product_tag?post=217"}],"curies":[{"name":"wp","href":"https:\/\/api.w.org\/{rel}","templated":true}]}}