{"id":1533,"date":"2026-04-06T03:56:51","date_gmt":"2026-04-06T03:56:51","guid":{"rendered":"https:\/\/noirstudios.id.vn\/?post_type=product&#038;p=1533"},"modified":"2026-04-10T10:46:11","modified_gmt":"2026-04-10T10:46:11","slug":"sunday-shorts","status":"publish","type":"product","link":"https:\/\/noirstudios.id.vn\/en\/product\/sunday-shorts\/","title":{"rendered":"Sunday Shorts"},"content":{"rendered":"<section class=\"text-token-text-primary w-full focus:outline-none [--shadow-height:45px] has-data-writing-block:pointer-events-none has-data-writing-block:-mt-(--shadow-height) has-data-writing-block:pt-(--shadow-height) [&amp;:has([data-writing-block])&gt;*]:pointer-events-auto R6Vx5W_threadScrollVars scroll-mb-[calc(var(--scroll-root-safe-area-inset-bottom,0px)+var(--thread-response-height,0px))] scroll-mt-[calc(var(--header-height)+min(200px,max(70px,20svh)))]\" dir=\"auto\" data-turn-id=\"request-WEB:9b4b95f9-5142-444f-b102-14587f74b6b6-5\" data-testid=\"conversation-turn-2\" data-scroll-anchor=\"false\" data-turn=\"assistant\">\n<div class=\"text-base my-auto mx-auto pb-10 [--thread-content-margin:var(--thread-content-margin-xs,calc(var(--spacing)*4))] @w-sm\/main:[--thread-content-margin:var(--thread-content-margin-sm,calc(var(--spacing)*6))] @w-lg\/main:[--thread-content-margin:var(--thread-content-margin-lg,calc(var(--spacing)*16))] px-(--thread-content-margin)\">\n<div class=\"[--thread-content-max-width:40rem] @w-lg\/main:[--thread-content-max-width:48rem] mx-auto max-w-(--thread-content-max-width) flex-1 group\/turn-messages focus-visible:outline-hidden relative flex w-full min-w-0 flex-col agent-turn\">\n<div class=\"flex max-w-full flex-col gap-4 grow\">\n<div class=\"min-h-8 text-message relative flex w-full flex-col items-end gap-2 text-start break-words whitespace-normal outline-none keyboard-focused:focus-ring [.text-message+&amp;]:mt-1\" dir=\"auto\" tabindex=\"0\" data-message-author-role=\"assistant\" data-message-id=\"27dddba3-5696-4a53-821d-63742b1831bc\" data-message-model-slug=\"gpt-5-3\" data-turn-start-message=\"true\">\n<div class=\"flex w-full flex-col gap-1 empty:hidden\">\n<div class=\"markdown prose dark:prose-invert w-full wrap-break-word light markdown-new-styling\">\n<p data-start=\"0\" data-end=\"216\" data-is-last-node=\"\" data-is-only-node=\"\">Qu\u1ea7n short d\u00e1ng su\u00f4ng, thi\u1ebft k\u1ebf t\u1ed1i gi\u1ea3n v\u1edbi gam m\u00e0u t\u1ed1i d\u1ec5 ph\u1ed1i.<\/p>\n<p data-start=\"0\" data-end=\"216\" data-is-last-node=\"\" data-is-only-node=\"\">Ch\u1ea5t li\u1ec7u d\u00e0y d\u1eb7n, \u0111\u1ee9ng form, mang l\u1ea1i v\u1ebb ngo\u00e0i g\u1ecdn g\u00e0ng v\u00e0 hi\u1ec7n \u0111\u1ea1i. L\u01b0ng cao v\u1eeba ph\u1ea3i, t\u00fai tr\u01b0\u1edbc ti\u1ec7n d\u1ee5ng, ph\u00f9 h\u1ee3p cho phong c\u00e1ch casual h\u00e0ng ng\u00e0y.<\/p>\n<\/div>\n<\/div>\n<\/div>\n<\/div>\n<div class=\"z-0 flex min-h-[46px] justify-start\">\n<div dir=\"auto\">Sunday Short (jean\/black\/white)<\/div>\n<div dir=\"auto\">Size: S M L<\/div>\n<\/div>\n<div class=\"mt-3 w-full empty:hidden\">\n<div class=\"text-center\"><\/div>\n<\/div>\n<\/div>\n<\/div>\n<\/section>\n<div class=\"pointer-events-none -mt-px h-px translate-y-[calc(var(--scroll-root-safe-area-inset-bottom)-14*var(--spacing))]\" aria-hidden=\"true\"><\/div>\n","protected":false},"excerpt":{"rendered":"<p>Qu\u1ea7n short d\u00e1ng su\u00f4ng, thi\u1ebft k\u1ebf t\u1ed1i gi\u1ea3n v\u1edbi gam m\u00e0u t\u1ed1i d\u1ec5 ph\u1ed1i. Ch\u1ea5t li\u1ec7u d\u00e0y d\u1eb7n, \u0111\u1ee9ng form, mang l\u1ea1i v\u1ebb ngo\u00e0i g\u1ecdn g\u00e0ng v\u00e0 hi\u1ec7n \u0111\u1ea1i. L\u01b0ng cao v\u1eeba ph\u1ea3i, t\u00fai tr\u01b0\u1edbc ti\u1ec7n d\u1ee5ng, ph\u00f9 h\u1ee3p cho phong c\u00e1ch casual h\u00e0ng ng\u00e0y. Sunday Short (jean\/black\/white) Size: S M L<\/p>","protected":false},"featured_media":0,"comment_status":"open","ping_status":"closed","template":"","meta":[],"product_brand":[],"product_cat":[73,124,142],"product_tag":[],"class_list":{"0":"post-1533","1":"product","2":"type-product","3":"status-publish","5":"product_cat-bottom","6":"product_cat-shorts","7":"product_cat-summer-collection","9":"first","10":"instock","11":"shipping-taxable","12":"purchasable","13":"product-type-simple","14":"add-to-wishlist-before_image"},"yoast_head":"<!-- This site is optimized with the Yoast SEO plugin v27.3 - https:\/\/yoast.com\/product\/yoast-seo-wordpress\/ -->\n<title>Sunday Shorts - Noir Studios<\/title>\n<meta name=\"robots\" content=\"noindex, follow, max-snippet:-1, max-image-preview:large, max-video-preview:-1\" \/>\n<meta property=\"og:locale\" content=\"en_US\" \/>\n<meta property=\"og:type\" content=\"article\" \/>\n<meta property=\"og:title\" content=\"Sunday Shorts - Noir Studios\" \/>\n<meta property=\"og:description\" content=\"Qu\u1ea7n short d\u00e1ng su\u00f4ng, thi\u1ebft k\u1ebf t\u1ed1i gi\u1ea3n v\u1edbi gam m\u00e0u t\u1ed1i d\u1ec5 ph\u1ed1i. Ch\u1ea5t li\u1ec7u d\u00e0y d\u1eb7n, \u0111\u1ee9ng form, mang l\u1ea1i v\u1ebb ngo\u00e0i g\u1ecdn g\u00e0ng v\u00e0 hi\u1ec7n \u0111\u1ea1i. L\u01b0ng cao v\u1eeba ph\u1ea3i, t\u00fai tr\u01b0\u1edbc ti\u1ec7n d\u1ee5ng, ph\u00f9 h\u1ee3p cho phong c\u00e1ch casual h\u00e0ng ng\u00e0y. Sunday Short (jean\/black\/white) Size: S M L\" \/>\n<meta property=\"og:url\" content=\"https:\/\/noirstudios.id.vn\/en\/product\/sunday-shorts\/\" \/>\n<meta property=\"og:site_name\" content=\"Noir Studios\" \/>\n<meta property=\"article:modified_time\" content=\"2026-04-10T10:46:11+00:00\" \/>\n<meta property=\"og:image\" content=\"https:\/\/noirstudios.id.vn\/wp-content\/uploads\/2026\/04\/491205449_1269687351823541_7988523938369435629_n.jpg\" \/>\n\t<meta property=\"og:image:width\" content=\"1842\" \/>\n\t<meta property=\"og:image:height\" content=\"2048\" \/>\n\t<meta property=\"og:image:type\" content=\"image\/jpeg\" \/>\n<meta name=\"twitter:card\" content=\"summary_large_image\" \/>\n<script type=\"application\/ld+json\" class=\"yoast-schema-graph\">{\"@context\":\"https:\\\/\\\/schema.org\",\"@graph\":[{\"@type\":\"WebPage\",\"@id\":\"https:\\\/\\\/noirstudios.id.vn\\\/san-pham\\\/sunday-shorts\\\/\",\"url\":\"https:\\\/\\\/noirstudios.id.vn\\\/san-pham\\\/sunday-shorts\\\/\",\"name\":\"Sunday Shorts - Noir Studios\",\"isPartOf\":{\"@id\":\"https:\\\/\\\/noirstudios.id.vn\\\/#website\"},\"datePublished\":\"2026-04-06T03:56:51+00:00\",\"dateModified\":\"2026-04-10T10:46:11+00:00\",\"breadcrumb\":{\"@id\":\"https:\\\/\\\/noirstudios.id.vn\\\/san-pham\\\/sunday-shorts\\\/#breadcrumb\"},\"inLanguage\":\"en-US\",\"potentialAction\":[{\"@type\":\"ReadAction\",\"target\":[\"https:\\\/\\\/noirstudios.id.vn\\\/san-pham\\\/sunday-shorts\\\/\"]}]},{\"@type\":\"BreadcrumbList\",\"@id\":\"https:\\\/\\\/noirstudios.id.vn\\\/san-pham\\\/sunday-shorts\\\/#breadcrumb\",\"itemListElement\":[{\"@type\":\"ListItem\",\"position\":1,\"name\":\"Trang ch\u1ee7\",\"item\":\"https:\\\/\\\/noirstudios.id.vn\\\/\"},{\"@type\":\"ListItem\",\"position\":2,\"name\":\"S\u1ea3n ph\u1ea9m\",\"item\":\"https:\\\/\\\/noirstudios.id.vn\\\/shop\\\/\"},{\"@type\":\"ListItem\",\"position\":3,\"name\":\"Sunday Shorts\"}]},{\"@type\":\"WebSite\",\"@id\":\"https:\\\/\\\/noirstudios.id.vn\\\/#website\",\"url\":\"https:\\\/\\\/noirstudios.id.vn\\\/\",\"name\":\"Noir Studios\",\"description\":\"\",\"potentialAction\":[{\"@type\":\"SearchAction\",\"target\":{\"@type\":\"EntryPoint\",\"urlTemplate\":\"https:\\\/\\\/noirstudios.id.vn\\\/?s={search_term_string}\"},\"query-input\":{\"@type\":\"PropertyValueSpecification\",\"valueRequired\":true,\"valueName\":\"search_term_string\"}}],\"inLanguage\":\"en-US\"}]}<\/script>\n<!-- \/ Yoast SEO plugin. -->","yoast_head_json":{"title":"Sunday Shorts - Noir Studios","robots":{"index":"noindex","follow":"follow","max-snippet":"max-snippet:-1","max-image-preview":"max-image-preview:large","max-video-preview":"max-video-preview:-1"},"og_locale":"en_US","og_type":"article","og_title":"Sunday Shorts - Noir Studios","og_description":"Qu\u1ea7n short d\u00e1ng su\u00f4ng, thi\u1ebft k\u1ebf t\u1ed1i gi\u1ea3n v\u1edbi gam m\u00e0u t\u1ed1i d\u1ec5 ph\u1ed1i. Ch\u1ea5t li\u1ec7u d\u00e0y d\u1eb7n, \u0111\u1ee9ng form, mang l\u1ea1i v\u1ebb ngo\u00e0i g\u1ecdn g\u00e0ng v\u00e0 hi\u1ec7n \u0111\u1ea1i. L\u01b0ng cao v\u1eeba ph\u1ea3i, t\u00fai tr\u01b0\u1edbc ti\u1ec7n d\u1ee5ng, ph\u00f9 h\u1ee3p cho phong c\u00e1ch casual h\u00e0ng ng\u00e0y. Sunday Short (jean\/black\/white) Size: S M L","og_url":"https:\/\/noirstudios.id.vn\/en\/product\/sunday-shorts\/","og_site_name":"Noir Studios","article_modified_time":"2026-04-10T10:46:11+00:00","og_image":[{"width":1842,"height":2048,"url":"https:\/\/noirstudios.id.vn\/wp-content\/uploads\/2026\/04\/491205449_1269687351823541_7988523938369435629_n.jpg","type":"image\/jpeg"}],"twitter_card":"summary_large_image","schema":{"@context":"https:\/\/schema.org","@graph":[{"@type":"WebPage","@id":"https:\/\/noirstudios.id.vn\/san-pham\/sunday-shorts\/","url":"https:\/\/noirstudios.id.vn\/san-pham\/sunday-shorts\/","name":"Sunday Shorts - Noir Studios","isPartOf":{"@id":"https:\/\/noirstudios.id.vn\/#website"},"datePublished":"2026-04-06T03:56:51+00:00","dateModified":"2026-04-10T10:46:11+00:00","breadcrumb":{"@id":"https:\/\/noirstudios.id.vn\/san-pham\/sunday-shorts\/#breadcrumb"},"inLanguage":"en-US","potentialAction":[{"@type":"ReadAction","target":["https:\/\/noirstudios.id.vn\/san-pham\/sunday-shorts\/"]}]},{"@type":"BreadcrumbList","@id":"https:\/\/noirstudios.id.vn\/san-pham\/sunday-shorts\/#breadcrumb","itemListElement":[{"@type":"ListItem","position":1,"name":"Trang ch\u1ee7","item":"https:\/\/noirstudios.id.vn\/"},{"@type":"ListItem","position":2,"name":"S\u1ea3n ph\u1ea9m","item":"https:\/\/noirstudios.id.vn\/shop\/"},{"@type":"ListItem","position":3,"name":"Sunday Shorts"}]},{"@type":"WebSite","@id":"https:\/\/noirstudios.id.vn\/#website","url":"https:\/\/noirstudios.id.vn\/","name":"Noir Studios","description":"","potentialAction":[{"@type":"SearchAction","target":{"@type":"EntryPoint","urlTemplate":"https:\/\/noirstudios.id.vn\/?s={search_term_string}"},"query-input":{"@type":"PropertyValueSpecification","valueRequired":true,"valueName":"search_term_string"}}],"inLanguage":"en-US"}]}},"_links":{"self":[{"href":"https:\/\/noirstudios.id.vn\/en\/wp-json\/wp\/v2\/product\/1533","targetHints":{"allow":["GET"]}}],"collection":[{"href":"https:\/\/noirstudios.id.vn\/en\/wp-json\/wp\/v2\/product"}],"about":[{"href":"https:\/\/noirstudios.id.vn\/en\/wp-json\/wp\/v2\/types\/product"}],"replies":[{"embeddable":true,"href":"https:\/\/noirstudios.id.vn\/en\/wp-json\/wp\/v2\/comments?post=1533"}],"wp:attachment":[{"href":"https:\/\/noirstudios.id.vn\/en\/wp-json\/wp\/v2\/media?parent=1533"}],"wp:term":[{"taxonomy":"product_brand","embeddable":true,"href":"https:\/\/noirstudios.id.vn\/en\/wp-json\/wp\/v2\/product_brand?post=1533"},{"taxonomy":"product_cat","embeddable":true,"href":"https:\/\/noirstudios.id.vn\/en\/wp-json\/wp\/v2\/product_cat?post=1533"},{"taxonomy":"product_tag","embeddable":true,"href":"https:\/\/noirstudios.id.vn\/en\/wp-json\/wp\/v2\/product_tag?post=1533"}],"curies":[{"name":"wp","href":"https:\/\/api.w.org\/{rel}","templated":true}]}}